{"id":12,"date":"2017-03-10T11:28:59","date_gmt":"2017-03-10T11:28:59","guid":{"rendered":"http:\/\/urs-brodmann.com\/?page_id=12"},"modified":"2021-02-08T00:28:20","modified_gmt":"2021-02-07T23:28:20","slug":"urs-brodmann","status":"publish","type":"page","link":"https:\/\/urs-brodmann.com\/en\/","title":{"rendered":"Urs Brodmann"},"content":{"rendered":"<div id=\"pg-12-0\"  class=\"panel-grid\" ><div class=\"panel-grid-core\"><div id=\"pgc-12-0-0\"  class=\"panel-grid-cell\" ><\/div><div id=\"pgc-12-0-1\"  class=\"panel-grid-cell\" ><div class=\"panel-widget-style\" style=\"background: url(&quot;false&quot;) !important; background-position: left top !important; background-repeat: repeat !important; background-size: auto !important; background-attachment: scroll !important;\" ><div class=\"textwidget\"><p><!--[if lt IE 9]><script>document.createElement('audio');<\/script><![endif]-->\n<audio class=\"wp-audio-shortcode\" id=\"audio-12-1\" loop autoplay preload=\"none\" style=\"width: 100%;\" controls=\"controls\"><source type=\"audio\/mpeg\" src=\"https:\/\/urs-brodmann.com\/wp-content\/uploads\/2021\/02\/II.-1.-Satz-Homepage-Beginn.mp3?_=1\" \/><a href=\"https:\/\/urs-brodmann.com\/wp-content\/uploads\/2021\/02\/II.-1.-Satz-Homepage-Beginn.mp3\">https:\/\/urs-brodmann.com\/wp-content\/uploads\/2021\/02\/II.-1.-Satz-Homepage-Beginn.mp3<\/a><\/audio><\/p>\n<p>Anfang des 1. Satzes meiner 2. Sinfonie (2020)<\/p>\n<\/div><\/div><\/div><\/div><\/div><div id=\"pg-12-1\"  class=\"panel-grid\" ><div class=\"panel-grid-core\"><div id=\"pgc-12-1-0\"  class=\"panel-grid-cell\" ><\/div><div id=\"pgc-12-1-1\"  class=\"panel-grid-cell\" ><div class=\"panel-widget-style\" style=\"background: url(&quot;false&quot;) !important; background-position: left top !important; background-repeat: repeat !important; background-size: auto !important; background-attachment: scroll !important;\" ><div class=\"textwidget\"><p>&nbsp;<\/p>\n<p>&nbsp;<\/p>\n<h2>Urs Brodmann<\/h2>\n<h2><\/h2>\n<h2>Komponist, Dirigent und Arrangeur<\/h2>\n<h2><\/h2>\n<h3 style=\"text-align: justify;\"><\/h3>\n<p><strong>\u00a0<\/strong><\/p>\n<\/div><\/div><\/div><\/div><\/div><div id=\"pg-12-2\"  class=\"panel-grid\" ><div class=\"panel-grid-core\"><div id=\"pgc-12-2-0\"  class=\"panel-grid-cell\" ><\/div><div id=\"pgc-12-2-1\"  class=\"panel-grid-cell\" ><div class=\"panel-widget-style\" style=\"background: url(&quot;false&quot;) !important; background-position: left top !important; background-repeat: repeat !important; background-size: auto !important; background-attachment: scroll !important;\" ><p style=\"\"><img decoding=\"async\" src=\"https:\/\/urs-brodmann.com\/wp-content\/uploads\/2017\/05\/4.-Seite-1-Variante-1024x768.jpg\" alt=\"\" style=\"\" \/><\/p><\/div><div class=\"panel-widget-style\" style=\"background: url(&quot;false&quot;) !important; background-position: left top !important; background-repeat: repeat !important; background-size: auto !important; background-attachment: scroll !important; margin-top: 63px !important;\" ><div class=\"textwidget\"><h2>\"Was w\u00e4re mein Leben ohne meine Musik, die mir immer besser gef\u00e4llt! Daher arbeite ich gem\u00fctlich weiter, ohne die kleinen Freuden des Lebens zu vergessen\".<\/h2>\n<p>&nbsp;<\/p>\n<\/div><\/div><\/div><\/div><\/div><div id=\"pg-12-3\"  class=\"panel-grid\" ><div class=\"panel-grid-core\"><div id=\"pgc-12-3-0\"  class=\"panel-grid-cell\" ><div class=\"panel-widget-style\" style=\"background: url(&quot;false&quot;) !important; background-position: left top !important; background-repeat: repeat !important; background-size: auto !important; background-attachment: scroll !important;\" ><p style=\"text-align: center;\"><img decoding=\"async\" src=\"https:\/\/urs-brodmann.com\/wp-content\/uploads\/2017\/04\/IMGP0344.jpg\" alt=\"\" style=\"\" \/><\/p><\/div><\/div><\/div><\/div><div id=\"pg-12-4\"  class=\"panel-grid\" ><div class=\"panel-grid-core\"><div id=\"pgc-12-4-0\"  class=\"panel-grid-cell\" ><\/div><div id=\"pgc-12-4-1\"  class=\"panel-grid-cell\" ><div class=\"panel-widget-style\" style=\"background: url(&quot;false&quot;) !important; background-position: left top !important; background-repeat: repeat !important; background-size: auto !important; background-attachment: scroll !important;\" >\t\t\t<div class=\"textwidget\"><p>&nbsp;<\/p>\n<p><strong>&#8220;Er geht weder mit den Str\u00f6mungen noch mit den Gegenstr\u00f6mungen. Das ist nicht seine Sache. Er h\u00e4lt sich viel lieber an einem einsamen, romantischen T\u00fcmpel eines Nebenarms auf, frei von jeglichen Modestr\u00f6mungen und Trends. Dort findet er die Freiheit und Ruhe, die er zum Schaffen, zum Philosophieren, zum Genie\u00dfen und zum Leben braucht. <\/strong><strong>Sein musikalisches Ziel ist ganz einfach, er will dem sich nach Harmonie sehnenden Menschen mit authentisch emotionaler Musik Freude bereiten und im Gl\u00fccksfall sogar noch sein Innerstes ber\u00fchren.&#8221;\u00a0 \u00a0 <\/strong>Gabi Klingebiel \u00fcber Urs Brodmann<\/p>\n<p>&nbsp;<\/p>\n<p><strong>Falls Sie mehr \u00fcber mich und meine Musik wissen wollen, so lade ich Sie gerne ein, in mein musikalisches Universum einzutreten.<\/strong><\/p>\n<p><strong>Viel Vergn\u00fcgen!!!<\/strong><\/p>\n<p>&nbsp;<\/p>\n<p>&nbsp;<\/p>\n<\/div>\n\t\t<\/div><div class=\"panel-widget-style\" style=\"background: url(&quot;false&quot;) !important; background-position: left top !important; background-repeat: repeat !important; background-size: auto !important; background-attachment: scroll !important;\" ><div class=\"textwidget\"><p><span style=\"color: #000000;\"><em>Auf dieser Website h\u00f6ren Sie ausschlie\u00dflich Musikbeispiele aus Kompositionen von Urs BRODMANN, und zwar von Konzertmitschnitten aus dem Liedzyklus \"Tagesthemen\u201c, dem \u201eViolinkonzert\u201c und dem \u201eKlaviertrio\u201c sowie Aufnahmen aus der Oper \"Raucher-Tango\u201c, der \"1. und 2. Sinfonie\", \"Le Tram\" und dem Klavierzyklus \u201eMondesstille\u201c. <\/em><em>\u00a0<\/em><\/span><\/p>\n<\/div><\/div><\/div><div id=\"pgc-12-4-2\"  class=\"panel-grid-cell\" ><\/div><\/div><\/div><p>Views: 232<\/p>","protected":false},"excerpt":{"rendered":"<p>https:\/\/urs-brodmann.com\/wp-content\/uploads\/2021\/02\/II.-1.-Satz-Homepage-Beginn.mp3 Anfang des 1. Satzes meiner 2. Sinfonie (2020) &nbsp; &nbsp; Urs Brodmann Komponist, Dirigent und Arrangeur \u00a0 &#8220;Was w\u00e4re&hellip;<\/p>","protected":false},"author":1,"featured_media":0,"parent":0,"menu_order":0,"comment_status":"closed","ping_status":"closed","template":"","meta":{"footnotes":"","_links_to":"","_links_to_target":""},"class_list":["post-12","page","type-page","status-publish","hentry"],"_links":{"self":[{"href":"https:\/\/urs-brodmann.com\/en\/wp-json\/wp\/v2\/pages\/12","targetHints":{"allow":["GET"]}}],"collection":[{"href":"https:\/\/urs-brodmann.com\/en\/wp-json\/wp\/v2\/pages"}],"about":[{"href":"https:\/\/urs-brodmann.com\/en\/wp-json\/wp\/v2\/types\/page"}],"author":[{"embeddable":true,"href":"https:\/\/urs-brodmann.com\/en\/wp-json\/wp\/v2\/users\/1"}],"replies":[{"embeddable":true,"href":"https:\/\/urs-brodmann.com\/en\/wp-json\/wp\/v2\/comments?post=12"}],"version-history":[{"count":279,"href":"https:\/\/urs-brodmann.com\/en\/wp-json\/wp\/v2\/pages\/12\/revisions"}],"predecessor-version":[{"id":4179,"href":"https:\/\/urs-brodmann.com\/en\/wp-json\/wp\/v2\/pages\/12\/revisions\/4179"}],"wp:attachment":[{"href":"https:\/\/urs-brodmann.com\/en\/wp-json\/wp\/v2\/media?parent=12"}],"curies":[{"name":"wp","href":"https:\/\/api.w.org\/{rel}","templated":true}]}}