{"id":181,"date":"2017-05-23T12:13:57","date_gmt":"2017-05-23T12:13:57","guid":{"rendered":"http:\/\/urs-brodmann.com\/?page_id=181"},"modified":"2026-03-09T02:58:52","modified_gmt":"2026-03-09T01:58:52","slug":"der-raucher-tango","status":"publish","type":"page","link":"https:\/\/urs-brodmann.com\/en\/der-raucher-tango\/","title":{"rendered":"The opera \u2018Smoker's Tango\u2019"},"content":{"rendered":"<div id=\"pg-181-0\"  class=\"panel-grid\" ><div class=\"panel-grid-core\"><div id=\"pgc-181-0-0\"  class=\"panel-grid-cell\" ><\/div><div id=\"pgc-181-0-1\"  class=\"panel-grid-cell   \" ><div class=\"panel-widget-style\" style=\"background: url(&quot;false&quot;) !important; background-position: left top !important; background-repeat: repeat !important; background-size: auto !important; background-attachment: scroll !important;\" ><div class=\"textwidget\"><p><!--[if lt IE 9]><script>document.createElement('audio');<\/script><![endif]-->\n<audio class=\"wp-audio-shortcode\" id=\"audio-181-1\" loop autoplay preload=\"auto\" style=\"width: 100%;\" controls=\"controls\"><source type=\"audio\/mpeg\" src=\"https:\/\/urs-brodmann.com\/wp-content\/uploads\/2025\/11\/Raucher-Tango-2.-Akt-1.-Bild-Homepage.mp3?_=1\" \/><a href=\"https:\/\/urs-brodmann.com\/wp-content\/uploads\/2025\/11\/Raucher-Tango-2.-Akt-1.-Bild-Homepage.mp3\">https:\/\/urs-brodmann.com\/wp-content\/uploads\/2025\/11\/Raucher-Tango-2.-Akt-1.-Bild-Homepage.mp3<\/a><\/audio><\/p>\n<p>Beginn des 2. Aktes der Oper<\/p>\n<p>&nbsp;<\/p>\n<p>&nbsp;<\/p>\n<p>&nbsp;<\/p>\n<p>&nbsp;<\/p>\n<p>&nbsp;<\/p>\n<\/div><\/div><\/div><\/div><\/div><div id=\"pg-181-1\"  class=\"panel-grid\" ><div class=\"panel-grid-core\"><div id=\"pgc-181-1-0\"  class=\"panel-grid-cell\" ><div class=\"panel-widget-style\" style=\"background: url(&quot;false&quot;) !important; background-position: left top !important; background-repeat: repeat !important; background-size: auto !important; background-attachment: scroll !important;\" ><div class=\"textwidget\"><h1><\/h1>\n<h1 style=\"text-align: center;\"><strong>Raucher-Tango<\/strong><\/h1>\n<h3 style=\"text-align: center;\"><strong>Oper in 4 Akten<\/strong><\/h3>\n<h6 style=\"text-align: center;\">Musik und Libretto: Urs Brodmann<\/h6>\n<p>&nbsp;<\/p>\n<p>&nbsp;<\/p>\n<p>&nbsp;<\/p>\n<p>&nbsp;<\/p>\n<\/div><\/div><div class=\"panel-widget-style\" ><p style=\"\"><img decoding=\"async\" src=\"https:\/\/urs-brodmann.com\/wp-content\/uploads\/2017\/05\/P1080038-Nizza-4Oper.jpg\" alt=\"\" style=\"\" \/><\/p><\/div><div class=\"panel-widget-style\" style=\"background: url(&quot;false&quot;) !important; background-position: left top !important; background-repeat: repeat !important; background-size: auto !important; background-attachment: scroll !important;\" >\t\t\t<div class=\"textwidget\"><p>&nbsp;<\/p>\n<p>Diese Oper ist keine Verherrlichung des Rauchens; nein, sie will dieses Thema auf unkonventionelle Weise und mit subtilem Humor aufgreifen, um menschliche Schw\u00e4chen und ihre nicht ganz unumstrittenen Exzesse hervorzuheben.<\/p>\n<p>Der Raucher, der Protagonist der Handlung, ein Zigarettenfabrikant, ein leidenschaftlicher Zigarrenraucher und Genie\u00dfer, lebt und arbeitet in einem Land, wo seit dem 1. Januar auf Grund eines neuen Gesetzes praktisch absolutes Rauchverbot herrscht, das heisst, wer noch rauchen m\u00f6chte, kann das nur noch im Privatflugzeug ab 13.472 Metern aufw\u00e4rts oder in einem Schaltjahr zwischen dem 17. November und dem 29. Februar, schwimmend oder tauchend, mindestens aber 34 Meter vom Ufer entfernt. Bei Versto\u00df gegen dieses absurde Gesetz wandern alle im Land weiter rauchenden Menschen ins Gef\u00e4ngnis und wenn sie nach einem 7-monatigen Freiheitsentzug herauskommen, dann aber zum 2. Mal wieder beim Rauchen erwischt werden, so verbannt man sie endg\u00fcltig auf die Raucherinsel.<\/p>\n<p>Der Raucher, der das Rauchverbot f\u00fcr einen totalen Unsinn h\u00e4lt, raucht in seinen eigenen vier W\u00e4nden zu Hause wie auch im B\u00fcro seiner Firma weiter. Er wird aber von seiner Frau, dem Pfarrer, seinen Angestellten und Mietern, die alle von diesem neuen Gesetz fanatisch begeistert sind, \u00fcberwacht, beschimpft, bedroht und schlussendlich bei der Staatspolizei angezeigt und verhaftet. Infolge der Einf\u00fchrung dieser Diktatur gegen das Rauchen funktioniert das Verst\u00e4ndnis zwischen den Rauchern und Nichtrauchern in diesem Land nicht mehr.<\/p>\n<p>Der Raucher sucht als letzte Raucherbastion das Bordell auf, wo er noch insgeheim rauchen darf und Anne kennen lernt. Nach einer Bordellrazzia verbannt man ihn und Anne auf die Raucherinsel, wo w\u00e4hrend ihrer Hochzeitsfeier die Geschichte einen unerwarteten Verlauf nimmt.<\/p>\n<p>Es braucht also keine gro\u00dfe Fantasie, um sich vorzustellen zu k\u00f6nnen, dass diese ungew\u00f6hnliche Liebesgeschichte viel Stoff f\u00fcr Humor, Erotik wie auch Dramatik bietet.<\/p>\n<p>&nbsp;<\/p>\n<\/div>\n\t\t<\/div><\/div><\/div><\/div><div id=\"pg-181-2\"  class=\"panel-grid\" ><div class=\"panel-grid-core\"><div id=\"pgc-181-2-0\"  class=\"panel-grid-cell\" ><div class=\"panel-widget-style\" ><p style=\"\"><img decoding=\"async\" src=\"https:\/\/urs-brodmann.com\/wp-content\/uploads\/2018\/05\/20180116_222945-1.jpg\" alt=\"\" style=\"\" \/><\/p><\/div><div class=\"panel-widget-style\" ><p style=\"\"><img decoding=\"async\" src=\"https:\/\/urs-brodmann.com\/wp-content\/uploads\/2018\/05\/20180116_224621-1.jpg\" alt=\"\" style=\"\" \/><\/p><\/div><div class=\"panel-widget-style\" style=\"background: url(&quot;false&quot;) !important; background-position: left top !important; background-repeat: repeat !important; background-size: auto !important; background-attachment: scroll !important;\" >\t\t\t<div class=\"textwidget\"><p>&nbsp;<\/p>\n<p>Im Zusammenhang mit der Oper will ich auch darauf hinweisen, wie wichtig das Zigarrenrauchen in fr\u00fcheren Zeiten war, wo es noch vieles zu entdecken und zu erfinden gab. Die emotionale Denk- und Handlungsweise, wie es f\u00fcr unsere Vorfahren ganz normal war und wo ber\u00fchmte Politiker, K\u00fcnstler, Erfinder, Philosophen und Geniesser Zigarren rauchend unsere Welt kreativ bereichert, versch\u00f6nert und vorangebracht haben und kein Mensch am Rauchen Anstoss genommen hat, geh\u00f6rt heute der Vergangenheit an. Wie man weiss, betrieb Sigmund Freud seine Traumforschung mit seinen auf der Couch liegenden Patientinnen ganz selbstverst\u00e4ndlich Zigarre rauchend. Viele Forscher h\u00e4tten die Geduld f\u00fcr ihre t\u00f6dlich langwierigen Forschungsarbeiten nicht aufbringen k\u00f6nnen ohne das beruhigende Zigarrenrauchen. Auch bin ich \u00fcberzeugt, dass Thomas Mann, um seine grossen Romane zu schreiben, den genussbringenden Beruhigungseffekt seiner Zigarren brauchte.<\/p>\n<p><strong>Um Thomas Mann auch noch zu zitieren: \u201eAber ein Tag ohne\u00a0Tabak, das w\u00e4re f\u00fcr mich der Gipfel der Schalheit, ein\u00a0vollst\u00e4ndig \u00f6der und reizloser Tag, und wenn ich mir\u00a0morgens sagen m\u00fcsste: heut gibt\u2019s nichts zu rauchen \u2013\u00a0ich glaube, ich f\u00e4nde den Mut gar nicht, aufzustehen,\u00a0wahrhaftig, ich bliebe liegen.\u201c<\/strong><\/p>\n<p><strong>Und Franz Liszt: \u201eEine gute Zigarre schlie\u00dft die T\u00fcr vor den Gemeinheiten des\u00a0Lebens.\u201c<\/strong><\/p>\n<p>Man k\u00f6nnte endlos weitere Beispiele nennen, wo die Zigarren als Inspirationsquelle f\u00fcr grosse Ideen, Lebensqualit\u00e4t und unendlich viel Lebensfreude dienten.<\/p>\n<p>Mit dieser aktuellen B\u00fchnenkomposition m\u00f6chte ich mich mit einem weinenden und einem lachenden Auge von der sch\u00f6nen alten Zeit, wo noch grosse Erfindungen und Kunstwerke, begleitet von viel Zigarrenrauch, entstanden sind, verabschieden und diese posthum und nostalgisch in Erinnerung halten und ich hoffe, dass mir das mit dieser Oper gelungen ist.<\/p>\n<p>Urs Brodmann<\/p>\n<p>&nbsp;<\/p>\n<\/div>\n\t\t<\/div><div class=\"panel-widget-style\" ><p style=\"\"><img decoding=\"async\" src=\"https:\/\/urs-brodmann.com\/wp-content\/uploads\/2018\/05\/20180116_193743.jpg\" alt=\"\" style=\"\" \/><\/p><\/div><\/div><\/div><\/div><p>Views: 67<\/p>","protected":false},"excerpt":{"rendered":"<p>&nbsp; Diese Oper ist keine Verherrlichung des Rauchens; nein, sie will dieses Thema auf unkonventionelle Weise und mit subtilem Humor&hellip;<\/p>","protected":false},"author":1,"featured_media":0,"parent":0,"menu_order":7,"comment_status":"closed","ping_status":"closed","template":"","meta":{"footnotes":"","_links_to":"","_links_to_target":""},"class_list":["post-181","page","type-page","status-publish","hentry"],"_links":{"self":[{"href":"https:\/\/urs-brodmann.com\/en\/wp-json\/wp\/v2\/pages\/181","targetHints":{"allow":["GET"]}}],"collection":[{"href":"https:\/\/urs-brodmann.com\/en\/wp-json\/wp\/v2\/pages"}],"about":[{"href":"https:\/\/urs-brodmann.com\/en\/wp-json\/wp\/v2\/types\/page"}],"author":[{"embeddable":true,"href":"https:\/\/urs-brodmann.com\/en\/wp-json\/wp\/v2\/users\/1"}],"replies":[{"embeddable":true,"href":"https:\/\/urs-brodmann.com\/en\/wp-json\/wp\/v2\/comments?post=181"}],"version-history":[{"count":75,"href":"https:\/\/urs-brodmann.com\/en\/wp-json\/wp\/v2\/pages\/181\/revisions"}],"predecessor-version":[{"id":5085,"href":"https:\/\/urs-brodmann.com\/en\/wp-json\/wp\/v2\/pages\/181\/revisions\/5085"}],"wp:attachment":[{"href":"https:\/\/urs-brodmann.com\/en\/wp-json\/wp\/v2\/media?parent=181"}],"curies":[{"name":"wp","href":"https:\/\/api.w.org\/{rel}","templated":true}]}}