{"id":194,"date":"2017-05-23T12:33:56","date_gmt":"2017-05-23T12:33:56","guid":{"rendered":"http:\/\/urs-brodmann.com\/?page_id=194"},"modified":"2024-02-13T00:51:30","modified_gmt":"2024-02-12T23:51:30","slug":"cd-ritarde","status":"publish","type":"page","link":"https:\/\/urs-brodmann.com\/en\/cd-ritarde\/","title":{"rendered":"Video and CD \"Mondesstille\""},"content":{"rendered":"<div id=\"pg-194-0\"  class=\"panel-grid\"  data-style=\"{&quot;thinkup_styleColorClear&quot;:&quot;&quot;,&quot;thinkup_styleImage&quot;:&quot;false&quot;,&quot;thinkup_styleImage_fallback&quot;:false,&quot;thinkup_stylePosition&quot;:&quot;left top&quot;,&quot;thinkup_styleRepeat&quot;:&quot;repeat&quot;,&quot;thinkup_styleSize&quot;:&quot;auto&quot;,&quot;thinkup_styleAttachment&quot;:&quot;scroll&quot;,&quot;thinkup_styleFontHClear&quot;:&quot;&quot;,&quot;thinkup_styleFontPClear&quot;:&quot;&quot;,&quot;thinkup_styleFontAClear&quot;:&quot;&quot;,&quot;thinkup_styleFontAHClear&quot;:&quot;&quot;,&quot;thinkup_styleBorderTStyle&quot;:&quot;solid&quot;,&quot;thinkup_styleBorderTColorClear&quot;:&quot;&quot;,&quot;thinkup_styleBorderBStyle&quot;:&quot;solid&quot;,&quot;thinkup_styleBorderBColorClear&quot;:&quot;&quot;,&quot;thinkup_styleFontAlign&quot;:&quot;inherit&quot;}\"  data-ratio=\"1\"  data-ratio-direction=\"right\" >\n<div class=\"panel-grid-core\">\n<div id=\"pgc-194-0-0\"  class=\"panel-grid-cell\"  data-weight=\"0.23\" ><\/div>\n<div id=\"pgc-194-0-1\"  class=\"panel-grid-cell\"  data-weight=\"0.54\" ><iframe loading=\"lazy\" width=\"999\" height=\"599\" src=\"https:\/\/www.youtube-nocookie.com\/embed\/ojbXwV9DIgA?rel=0&controls=0&showinfo=0&autoplay=1\" frameborder=\"0\" allow=\"autoplay; encrypted-media\" allowfullscreen><\/iframe><\/div>\n<div id=\"pgc-194-0-2\"  class=\"panel-grid-cell\"  data-weight=\"0.23\" ><\/div>\n<\/div>\n<\/div>\n<div id=\"pg-194-1\"  class=\"panel-grid\"  data-style=\"{&quot;thinkup_styleColorClear&quot;:&quot;&quot;,&quot;thinkup_styleImage&quot;:false,&quot;thinkup_stylePosition&quot;:&quot;left top&quot;,&quot;thinkup_styleRepeat&quot;:&quot;repeat&quot;,&quot;thinkup_styleSize&quot;:&quot;auto&quot;,&quot;thinkup_styleAttachment&quot;:&quot;scroll&quot;,&quot;thinkup_styleFontHClear&quot;:&quot;&quot;,&quot;thinkup_styleFontPClear&quot;:&quot;&quot;,&quot;thinkup_styleFontAClear&quot;:&quot;&quot;,&quot;thinkup_styleFontAHClear&quot;:&quot;&quot;,&quot;thinkup_styleBorderTStyle&quot;:&quot;solid&quot;,&quot;thinkup_styleBorderTColorClear&quot;:&quot;&quot;,&quot;thinkup_styleBorderBStyle&quot;:&quot;solid&quot;,&quot;thinkup_styleBorderBColorClear&quot;:&quot;&quot;,&quot;thinkup_styleFontAlign&quot;:&quot;inherit&quot;}\"  data-ratio=\"1\"  data-ratio-direction=\"right\" >\n<div class=\"panel-grid-core\">\n<div id=\"pgc-194-1-0\"  class=\"panel-grid-cell\"  data-weight=\"0.23\" ><\/div>\n<div id=\"pgc-194-1-1\"  class=\"panel-grid-cell\"  data-weight=\"0.54\" >\n<div class=\"panel-widget-style\" style=\"background: url(&quot;false&quot;) !important; background-position: left top !important; background-repeat: repeat !important; background-size: auto !important; background-attachment: scroll !important;\" >\n<div class=\"textwidget\">Sie h\u00f6ren aus der CD &#8220;Mondesstille&#8221; das Klavierst\u00fcck &#8220;Zwei Seelen in meiner Brust&#8221;.<\/p>\n<p>&nbsp;<\/p><\/div>\n<\/div>\n<\/div>\n<div id=\"pgc-194-1-2\"  class=\"panel-grid-cell\"  data-weight=\"0.23\" ><\/div>\n<\/div>\n<\/div>\n<div id=\"pg-194-2\"  class=\"panel-grid\"  data-style=\"{&quot;thinkup_styleColorClear&quot;:&quot;&quot;,&quot;thinkup_styleImage&quot;:&quot;false&quot;,&quot;thinkup_styleImage_fallback&quot;:false,&quot;thinkup_stylePosition&quot;:&quot;left top&quot;,&quot;thinkup_styleRepeat&quot;:&quot;repeat&quot;,&quot;thinkup_styleSize&quot;:&quot;auto&quot;,&quot;thinkup_styleAttachment&quot;:&quot;scroll&quot;,&quot;thinkup_styleFontHClear&quot;:&quot;&quot;,&quot;thinkup_styleFontPClear&quot;:&quot;&quot;,&quot;thinkup_styleFontAClear&quot;:&quot;&quot;,&quot;thinkup_styleFontAHClear&quot;:&quot;&quot;,&quot;thinkup_styleBorderTStyle&quot;:&quot;solid&quot;,&quot;thinkup_styleBorderTColorClear&quot;:&quot;&quot;,&quot;thinkup_styleBorderBStyle&quot;:&quot;solid&quot;,&quot;thinkup_styleBorderBColorClear&quot;:&quot;&quot;,&quot;thinkup_styleFontAlign&quot;:&quot;inherit&quot;}\"  data-ratio=\"1\"  data-ratio-direction=\"right\" >\n<div class=\"panel-grid-core\">\n<div id=\"pgc-194-2-0\"  class=\"panel-grid-cell\"  data-weight=\"1\" ><h3 style=\"font-style: normal;\">Features and hearing recipes of the CD \u201cMondesstille\u201d (\u201cLunar Silence\u201d)<\/h3><\/p>\n<div class=\"panel-widget-style\" style=\"background: url(&quot;false&quot;) !important; background-position: left top !important; background-repeat: repeat !important; background-size: auto !important; background-attachment: scroll !important;\" >\n<div class=\"textwidget\">These pieces for piano by Urs BRODMANN are sound patterns full of atmosphere that enable you to leave for a moment your hectic everyday life, in order to come again to your senses. A distinctive characteristic of this work is that all 15 pieces are performed at tempo 60 (which means 60 quarter notes per minute) which corresponds approximately to a quiet beat.<\/p>\n<p>Um diese Musik voll und ganz genie\u00dfen zu k\u00f6nnen, ist es empfehlenswert, dass Sie sich ohne Wenn und Aber in dieses spannende Universum hineinfallen und sich von den magischen Kl\u00e4ngen dieser Musik davontragen lassen. Dann werden Sie sich mit Hilfe Ihrer Phantasie, nach dem Motto &#8220;Die Gedanken sind frei&#8221;, so richtig wohlf\u00fchlen und entspannen k\u00f6nnen.<\/p><\/div>\n<\/div>\n<\/div>\n<\/div>\n<\/div>\n<div id=\"pg-194-3\"  class=\"panel-grid\"  data-style=\"{&quot;thinkup_styleColorClear&quot;:&quot;&quot;,&quot;thinkup_styleImage&quot;:&quot;false&quot;,&quot;thinkup_styleImage_fallback&quot;:false,&quot;thinkup_stylePosition&quot;:&quot;left top&quot;,&quot;thinkup_styleRepeat&quot;:&quot;repeat&quot;,&quot;thinkup_styleSize&quot;:&quot;auto&quot;,&quot;thinkup_styleAttachment&quot;:&quot;scroll&quot;,&quot;thinkup_styleFontHClear&quot;:&quot;&quot;,&quot;thinkup_styleFontPClear&quot;:&quot;&quot;,&quot;thinkup_styleFontAClear&quot;:&quot;&quot;,&quot;thinkup_styleFontAHClear&quot;:&quot;&quot;,&quot;thinkup_styleBorderTStyle&quot;:&quot;solid&quot;,&quot;thinkup_styleBorderTColorClear&quot;:&quot;&quot;,&quot;thinkup_styleBorderBStyle&quot;:&quot;solid&quot;,&quot;thinkup_styleBorderBColorClear&quot;:&quot;&quot;,&quot;thinkup_styleFontAlign&quot;:&quot;inherit&quot;}\"  data-ratio=\"1\"  data-ratio-direction=\"right\" >\n<div class=\"panel-grid-core\">\n<div id=\"pgc-194-3-0\"  class=\"panel-grid-cell\"  data-weight=\"0.33333333333333\" >\n<div class=\"panel-widget-style\" style=\"background: url(&quot;false&quot;) !important; background-position: left top !important; background-repeat: repeat !important; background-size: auto !important; background-attachment: scroll !important;\" >\n<div class=\"textwidget\">\n<ol>\n<li>Silent moon<\/li>\n<li>Where do I go?<\/li>\n<li>The dream of my life<\/li>\n<li>In thoughts for a good friend<\/li>\n<li>The flourishing field and the butterfly<\/li>\n<li>Wrong way, swamp and chocolate<\/li>\n<li>Step by step<\/li>\n<li>The round dance<\/li>\n<li>Two souls in my breast<\/li>\n<li>Hope, doupt and salvation<\/li>\n<li>Safety<\/li>\n<li>The cathedral in myself<\/li>\n<li>To bid farewell<\/li>\n<li>Epilogue<\/li>\n<li>Dramatic ostinato<\/li>\n<\/ol>\n<p>&nbsp;<\/p><\/div>\n<\/div>\n<\/div>\n<div id=\"pgc-194-3-1\"  class=\"panel-grid-cell\"  data-weight=\"0.33333333333333\" ><p style=\"\"><img decoding=\"async\" src=\"https:\/\/urs-brodmann.com\/wp-content\/uploads\/2020\/04\/Deutsch-Cover-Copie-scaled.jpg\" alt=\"\" style=\"\" \/><\/p><\/div>\n<div id=\"pgc-194-3-2\"  class=\"panel-grid-cell\"  data-weight=\"0.33333333333333\" ><\/div>\n<\/div>\n<\/div>\n<div id=\"pg-194-4\"  class=\"panel-grid\"  data-style=\"{&quot;thinkup_styleColorClear&quot;:&quot;&quot;,&quot;thinkup_styleImage&quot;:&quot;false&quot;,&quot;thinkup_styleImage_fallback&quot;:false,&quot;thinkup_stylePosition&quot;:&quot;left top&quot;,&quot;thinkup_styleRepeat&quot;:&quot;repeat&quot;,&quot;thinkup_styleSize&quot;:&quot;auto&quot;,&quot;thinkup_styleAttachment&quot;:&quot;scroll&quot;,&quot;thinkup_styleFontHClear&quot;:&quot;&quot;,&quot;thinkup_styleFontPClear&quot;:&quot;&quot;,&quot;thinkup_styleFontAClear&quot;:&quot;&quot;,&quot;thinkup_styleFontAHClear&quot;:&quot;&quot;,&quot;thinkup_styleBorderTStyle&quot;:&quot;solid&quot;,&quot;thinkup_styleBorderTColorClear&quot;:&quot;&quot;,&quot;thinkup_styleBorderBStyle&quot;:&quot;solid&quot;,&quot;thinkup_styleBorderBColorClear&quot;:&quot;&quot;,&quot;thinkup_styleFontAlign&quot;:&quot;inherit&quot;}\" >\n<div class=\"panel-grid-core\">\n<div id=\"pgc-194-4-0\"  class=\"panel-grid-cell\"  data-weight=\"0.39\" ><\/div>\n<div id=\"pgc-194-4-1\"  class=\"panel-grid-cell\"  data-weight=\"0.61\" ><\/div>\n<\/div>\n<\/div>\n<p>Views: 69<\/p>","protected":false},"excerpt":{"rendered":"<p>Sie h\u00f6ren aus der CD &#8220;Mondesstille&#8221; das Klavierst\u00fcck &#8220;Zwei Seelen in meiner Brust&#8221;. &nbsp; Die vorliegenden Klavierst\u00fccke von Urs BRODMANN&hellip;<\/p>","protected":false},"author":1,"featured_media":0,"parent":0,"menu_order":9,"comment_status":"closed","ping_status":"closed","template":"","meta":{"footnotes":"","_links_to":"","_links_to_target":""},"class_list":["post-194","page","type-page","status-publish","hentry"],"_links":{"self":[{"href":"https:\/\/urs-brodmann.com\/en\/wp-json\/wp\/v2\/pages\/194","targetHints":{"allow":["GET"]}}],"collection":[{"href":"https:\/\/urs-brodmann.com\/en\/wp-json\/wp\/v2\/pages"}],"about":[{"href":"https:\/\/urs-brodmann.com\/en\/wp-json\/wp\/v2\/types\/page"}],"author":[{"embeddable":true,"href":"https:\/\/urs-brodmann.com\/en\/wp-json\/wp\/v2\/users\/1"}],"replies":[{"embeddable":true,"href":"https:\/\/urs-brodmann.com\/en\/wp-json\/wp\/v2\/comments?post=194"}],"version-history":[{"count":197,"href":"https:\/\/urs-brodmann.com\/en\/wp-json\/wp\/v2\/pages\/194\/revisions"}],"predecessor-version":[{"id":4479,"href":"https:\/\/urs-brodmann.com\/en\/wp-json\/wp\/v2\/pages\/194\/revisions\/4479"}],"wp:attachment":[{"href":"https:\/\/urs-brodmann.com\/en\/wp-json\/wp\/v2\/media?parent=194"}],"curies":[{"name":"wp","href":"https:\/\/api.w.org\/{rel}","templated":true}]}}