{"id":1986,"date":"2020-03-30T01:17:16","date_gmt":"2020-03-30T01:17:16","guid":{"rendered":"http:\/\/urs-brodmann.com\/?page_id=1986"},"modified":"2026-03-11T00:04:11","modified_gmt":"2026-03-10T23:04:11","slug":"werkverzeichnis-2","status":"publish","type":"page","link":"https:\/\/urs-brodmann.com\/en\/werkverzeichnis-2\/","title":{"rendered":"List of works"},"content":{"rendered":"<div id=\"pg-1986-0\"  class=\"panel-grid\" ><div class=\"panel-grid-core\"><div id=\"pgc-1986-0-0\"  class=\"panel-grid-cell\" ><\/div><div id=\"pgc-1986-0-1\"  class=\"panel-grid-cell\" ><div class=\"panel-widget-style\" style=\"background: url(&quot;false&quot;) !important; background-position: left top !important; background-repeat: repeat !important; background-size: auto !important; background-attachment: scroll !important;\" ><div class=\"textwidget\"><p><!--[if lt IE 9]><script>document.createElement('audio');<\/script><![endif]-->\n<audio class=\"wp-audio-shortcode\" id=\"audio-1986-1\" loop autoplay preload=\"none\" style=\"width: 100%;\" controls=\"controls\"><source type=\"audio\/mpeg\" src=\"https:\/\/urs-brodmann.com\/wp-content\/uploads\/2020\/05\/1.-Sinfonie-3.-Satz-Homepage-2.mp3?_=1\" \/><a href=\"https:\/\/urs-brodmann.com\/wp-content\/uploads\/2020\/05\/1.-Sinfonie-3.-Satz-Homepage-2.mp3\">https:\/\/urs-brodmann.com\/wp-content\/uploads\/2020\/05\/1.-Sinfonie-3.-Satz-Homepage-2.mp3<\/a><\/audio><\/p>\n<p>Sie h\u00f6ren den Schluss meiner 1. Sinfonie.<\/p>\n<\/div><\/div><\/div><\/div><\/div><div id=\"pg-1986-1\"  class=\"panel-grid\" ><div class=\"panel-grid-core\"><div id=\"pgc-1986-1-0\"  class=\"panel-grid-cell\" ><\/div><div id=\"pgc-1986-1-1\"  class=\"panel-grid-cell\" ><div class=\"panel-widget-style\" style=\"background: url(&quot;false&quot;) !important; background-position: left top !important; background-repeat: repeat !important; background-size: auto !important; background-attachment: scroll !important;\" ><p style=\"\"><img decoding=\"async\" src=\"https:\/\/urs-brodmann.com\/wp-content\/uploads\/2020\/05\/Die-Zigarre-und-der-Genie\u00dfer.ub3_.b-scaled.jpg\" alt=\"\" style=\"\" \/><\/p><\/div><\/div><div id=\"pgc-1986-1-2\"  class=\"panel-grid-cell\" ><\/div><\/div><\/div><div id=\"pg-1986-2\"  class=\"panel-grid\" ><div class=\"panel-grid-core\"><div id=\"pgc-1986-2-0\"  class=\"panel-grid-cell\" ><\/div><div id=\"pgc-1986-2-1\"  class=\"panel-grid-cell\" ><\/div><\/div><\/div><div id=\"pg-1986-3\"  class=\"panel-grid\" ><div class=\"panel-grid-core\"><div id=\"pgc-1986-3-0\"  class=\"panel-grid-cell\" ><\/div><div id=\"pgc-1986-3-1\"  class=\"panel-grid-cell\" ><div class=\"panel-widget-style\" style=\"background: url(&quot;false&quot;) !important; background-position: left top !important; background-repeat: repeat !important; background-size: auto !important; background-attachment: scroll !important; text-align: left !important;\" ><p>- Ballade - f\u00fcr Horn und Klavier (1975)<br \/>\n     -     Quasi Valse \u2013 f\u00fcr Klavier (1984)<br \/>\n     -     Pi\u00e8ces \u2013 f\u00fcr Violine und Klavier (1984)<br \/>\n     -     Ostschweizer Klavierst\u00fccke \u2013 (1985-86)<br \/>\n     -     Messe \u2013 f\u00fcr gem. Chor und Orgel (1986)<br \/>\n     -     Chants de Vendredi Saint \u2013 f\u00fcr gem. Chor und Violine (1987)<br \/>\n     -     Ave Maria \u2013 f\u00fcr gem. Chor a capella (1987 rev. 1997)<br \/>\n     -     Nicht aktuell \u2013 f\u00fcr Violine und Klavier (1987)<br \/>\n     -     Stein auf Stein \u2013 Preludio f\u00fcr Tastenlithophon (1991)<br \/>\n     -     GDAE \u2013 Rhapsodie f\u00fcr Solovioline (1993)<br \/>\n     -     Konzert \u2013 f\u00fcr Violine und Orchester (1994)<br \/>\n     -     Psaume 50 \u2013 f\u00fcr Bariton und Instrumentalensemble (1996)<br \/>\n     -     Oktett \u2013 f\u00fcr Streicher und Bl\u00e4ser (1997)<\/p>\n<\/div><div class=\"panel-widget-style\" style=\"background: url(&quot;false&quot;) !important; background-position: left top !important; background-repeat: repeat !important; background-size: auto !important; background-attachment: scroll !important; text-align: left !important;\" ><p>     -     Concerto Grosso \u2013 f\u00fcr Violine, Bratsche, Cello, Klavier und Instrumentalensemble (1998)<br \/>\n     -     Streichquartett  (1999)<br \/>\n     -     Ozone \u2013 f\u00fcr Instrumentalensemble (2001)<br \/>\n     -     Konzert \u2013 f\u00fcr Fl\u00f6te und Instrumentalensemble (2001)<br \/>\n     -     1. Sonate \u2013 f\u00fcr Violine und Klavier (2001-02)<br \/>\n     -     F\u00fcr Ingeliese \u2013 St\u00e4ndchen f\u00fcr Violine und Klavier (2002)<br \/>\n     -     Elegia semi-drammatica \u2013 f\u00fcr Cello und Klavier (2002)<br \/>\n     -     Serenade \u2013 f\u00fcr 13 Bl\u00e4ser (2002)<br \/>\n     -     Klaviertrio Nr. 1 f\u00fcr Klavier, Violine und Cello (2003)<br \/>\n     -     Petite Symphonie de No\u00ebl \u2013 f\u00fcr Blasorchester (2003)<br \/>\n     -     3 pi\u00e8ces \u2013 pour piano (2000-04)<br \/>\n     -     Extra Muros \u2013 Sinfonische Dichtung f\u00fcr Blasorchester (2004)<br \/>\n     -     Quartett \u2013 f\u00fcr 4 Celli (2005)<br \/>\n     -     Tagesthemen \u2013 6 Lieder nach Gedichten von Hermann Hesse f\u00fcr Mezzosopran und Instrumentalensemble (2005)<\/p>\n<\/div><\/div><\/div><\/div><div id=\"pg-1986-4\"  class=\"panel-grid\" ><div class=\"panel-grid-core\"><div id=\"pgc-1986-4-0\"  class=\"panel-grid-cell\" ><\/div><div id=\"pgc-1986-4-1\"  class=\"panel-grid-cell\" ><div class=\"panel-widget-style\" style=\"background: url(&quot;false&quot;) !important; background-position: left top !important; background-repeat: repeat !important; background-size: auto !important; background-attachment: scroll !important;\" ><div class=\"textwidget\"><p><strong>Hier k\u00f6nnen Sie sich die Komposition \"Nietzsche am Klavier\" anh\u00f6ren.<\/strong><\/p>\n<p><audio class=\"wp-audio-shortcode\" id=\"audio-1986-2\" preload=\"none\" style=\"width: 100%;\" controls=\"controls\"><source type=\"audio\/mpeg\" src=\"https:\/\/urs-brodmann.com\/wp-content\/uploads\/2024\/09\/Lou-3.-Nietzsche-au-piano-neu.mp3?_=2\" \/><a href=\"https:\/\/urs-brodmann.com\/wp-content\/uploads\/2024\/09\/Lou-3.-Nietzsche-au-piano-neu.mp3\">https:\/\/urs-brodmann.com\/wp-content\/uploads\/2024\/09\/Lou-3.-Nietzsche-au-piano-neu.mp3<\/a><\/audio><\/p>\n<\/div><\/div><\/div><div id=\"pgc-1986-4-2\"  class=\"panel-grid-cell\" ><\/div><\/div><\/div><div id=\"pg-1986-5\"  class=\"panel-grid\" ><div class=\"panel-grid-core\"><div id=\"pgc-1986-5-0\"  class=\"panel-grid-cell\" ><\/div><div id=\"pgc-1986-5-1\"  class=\"panel-grid-cell\" ><div class=\"panel-widget-style\" ><p style=\"\"><img decoding=\"async\" src=\"https:\/\/urs-brodmann.com\/wp-content\/uploads\/2018\/05\/Nietsche-am-Klavier.jpg\" alt=\"\" style=\"\" \/><\/p><\/div><\/div><\/div><\/div><div id=\"pg-1986-6\"  class=\"panel-grid\" ><div class=\"panel-grid-core\"><div id=\"pgc-1986-6-0\"  class=\"panel-grid-cell\" ><\/div><div id=\"pgc-1986-6-1\"  class=\"panel-grid-cell\" ><div class=\"panel-widget-style\" style=\"background: url(&quot;false&quot;) !important; background-position: left top !important; background-repeat: repeat !important; background-size: auto !important; background-attachment: scroll !important; text-align: left !important;\" ><p>-     Marche Dramatique \u2013 f\u00fcr Blasorchester (2006)<br \/>\n     -     Le Cancre \u2013 Chanson f\u00fcr Knabenstimme und Blasorchester (2006)<br \/>\n     -     Quasi Valse \u2013 f\u00fcr Blasorchester (2006)<br \/>\n     -     Sonate \u2013 f\u00fcr Klavier (2006)<br \/>\n     -     Pour Edith \u2013 Pr\u00e9lude f\u00fcr Klavier (2006)<br \/>\n     -     Saxophonquartett (2007<br \/>\n     -     Le Tram \u2013 f\u00fcr Blasorchester (2007)<br \/>\n     -     Contre la basse - Sonate f\u00fcr Kontrabass und Klavier (2008)<br \/>\n     -     Walzer \u2013 f\u00fcr Klavier (2008)<br \/>\n     -     Die Todesfuge \u2013 (2009) Text: Paul Celan f\u00fcr gem. Chor und Klavier<br \/>\n     -     Weiter Nichts \u2013 f\u00fcr 2 Klaviere (2009)<br \/>\n     -     Lou, une femme libre \u2013 Szenenmusik f\u00fcr ein Theaterst\u00fcck (2009)<br \/>\n     -     Mondesstille \u2013 Zyklus von 14 Klavierst\u00fccke (2010)<br \/>\n     -     Les 4 derni\u00e8res minutes d\u2019un insecte \u2013 Burleske f\u00fcr Violine (2010)<br \/>\n     -     Jakobs Traum \u2013 f\u00fcr Orgel (2011)<br \/>\n     -     Sextett (2013)<br \/>\n     -     S\u00fcsses Leiden \u2013 f\u00fcr Klavier (2014)<br \/>\n     -     2. Sonate \u2013 f\u00fcr Violine und Klavier (2014)<br \/>\n    -     Raucher-Tango \u2013 Oper in 4 Akten (2013 - 16) <\/p>\n<\/div><\/div><\/div><\/div><div id=\"pg-1986-7\"  class=\"panel-grid\" ><div class=\"panel-grid-core\"><div id=\"pgc-1986-7-0\"  class=\"panel-grid-cell\" ><\/div><div id=\"pgc-1986-7-1\"  class=\"panel-grid-cell\" ><div class=\"panel-widget-style\" style=\"background: url(&quot;false&quot;) !important; background-position: left top !important; background-repeat: repeat !important; background-size: auto !important; background-attachment: scroll !important;\" ><p style=\"\"><img decoding=\"async\" src=\"https:\/\/urs-brodmann.com\/wp-content\/uploads\/2020\/04\/20180715_141108-scaled.jpg\" alt=\"Ein echter Schweizer!\" style=\"\" \/><\/p><\/div><div class=\"panel-widget-style\" style=\"background: url(&quot;false&quot;) !important; background-position: left top !important; background-repeat: repeat !important; background-size: auto !important; background-attachment: scroll !important;\" ><div class=\"textwidget\"><p><strong>begeisterte Konzertbesucherin meiner Alpenkomposition \"Stein auf Stein\"<\/strong><\/p>\n<\/div><\/div><\/div><div id=\"pgc-1986-7-2\"  class=\"panel-grid-cell\" ><\/div><\/div><\/div><div id=\"pg-1986-8\"  class=\"panel-grid\" ><div class=\"panel-grid-core\"><div id=\"pgc-1986-8-0\"  class=\"panel-grid-cell\" ><\/div><div id=\"pgc-1986-8-1\"  class=\"panel-grid-cell\" ><div class=\"panel-widget-style\" style=\"background: url(&quot;false&quot;) !important; background-position: left top !important; background-repeat: repeat !important; background-size: auto !important; background-attachment: scroll !important; text-align: left !important;\" >\n<p>     -     Konzert \u2013 f\u00fcr Fl\u00f6te und Sinfonieorchester (2015)<br \/>\n     -     Petite Symphonie de No\u00ebl \u2013 f\u00fcr Sinfonieorchester (2016)<br \/>\n     -     Quasi Valse \u2013 f\u00fcr Sinfonieorchester (2016)<br \/>\n     -     Le Tram \u2013 f\u00fcr Sinfonieorchester (2016)<br \/>\n     -     Moment musical \u2013 f\u00fcr Englischhorn und Klavier (2017)<br \/>\n     -     Happy Birthday - f\u00fcr Sinfonieorchester (2018)<br \/>\n     -     Nietzsche am Klavier - f\u00fcr Klavier (2018)<br \/>\n     -     Suite f\u00fcr gr. Orch. aus der Oper \"Raucher-Tango\" (2018)<br \/>\n     -     Klavierquintett \"Raucher-Tango\" (2018)<br \/>\n     -     Liederzyklus \"Reise in die Welt der Gen\u00fcsse\" (2018\/2019)<br \/>\n     -     1. Sinfonie f\u00fcr gro\u00dfes Orchester (2019)<br \/>\n     -     Die Zigarre und der Genie\u00dfer f\u00fcr Bass und Klavier oder Ensemble (2019)<br \/>\n     -     Heitere Champagner-Ballade f\u00fcr Tenor und Klavier (2020)<br \/>\n     -     Schokoladen-Drama f\u00fcr Sopran und Klavier (2020)<br \/>\n     -     2. Sinfonie f\u00fcr gro\u00dfes Orchester (2020)<br \/>\n     -     St\u00e4ndchen f\u00fcr Gabi - f\u00fcr Klavier (2021)<br \/>\n     -     Rhap-so-die - 3. Sonate f\u00fcr Violine und Klavier (2021)<br \/>\n     -     3. Sinfonie f\u00fcr gro\u00dfes Orchester (2021)<br \/>\n     -     Elegia semi-drammatica f\u00fcr Cello und Klavier (2022)<br \/>\n     -     Ode an den Fr\u00fchling f\u00fcr 3-stimmigen Frauenchor (2022)<br \/>\n    -      4. Sinfonie f\u00fcr gro\u00dfes Orchester (2022)<br \/>\n    -      Klavierschule f\u00fcr alle, die es versuchen wollen (2023)<br \/>\n    -      Klaviertrio Nr. 2 f\u00fcr Klavier, Violine und Cello (2024)<br \/>\n    -     Raucher-Tango \u2013 Oper in 4 Akten (2016  - Rev. 2025)<\/p>\n<\/div><\/div><\/div><\/div><div id=\"pg-1986-9\"  class=\"panel-grid\" ><div class=\"panel-grid-core\"><div id=\"pgc-1986-9-0\"  class=\"panel-grid-cell\" ><\/div><div id=\"pgc-1986-9-1\"  class=\"panel-grid-cell\" ><\/div><div id=\"pgc-1986-9-2\"  class=\"panel-grid-cell\" ><\/div><div id=\"pgc-1986-9-3\"  class=\"panel-grid-cell\" ><\/div><\/div><\/div><div id=\"pg-1986-10\"  class=\"panel-grid\" ><div class=\"panel-grid-core\"><div id=\"pgc-1986-10-0\"  class=\"panel-grid-cell\" ><\/div><div id=\"pgc-1986-10-1\"  class=\"panel-grid-cell\" ><\/div><div id=\"pgc-1986-10-2\"  class=\"panel-grid-cell\" ><\/div><div id=\"pgc-1986-10-3\"  class=\"panel-grid-cell\" ><\/div><div id=\"pgc-1986-10-4\"  class=\"panel-grid-cell\" ><\/div><\/div><\/div><p>Views: 88<\/p>","protected":false},"excerpt":{"rendered":"<p>https:\/\/urs-brodmann.com\/wp-content\/uploads\/2020\/05\/1.-Sinfonie-3.-Satz-Homepage-2.mp3 Sie h\u00f6ren den Schluss meiner 1. Sinfonie. &#8211; Ballade &#8211; f\u00fcr Horn und Klavier (1975) &#8211; Quasi Valse \u2013&hellip;<\/p>","protected":false},"author":1,"featured_media":0,"parent":0,"menu_order":4,"comment_status":"closed","ping_status":"closed","template":"","meta":{"footnotes":"","_links_to":"","_links_to_target":""},"class_list":["post-1986","page","type-page","status-publish","hentry"],"_links":{"self":[{"href":"https:\/\/urs-brodmann.com\/en\/wp-json\/wp\/v2\/pages\/1986","targetHints":{"allow":["GET"]}}],"collection":[{"href":"https:\/\/urs-brodmann.com\/en\/wp-json\/wp\/v2\/pages"}],"about":[{"href":"https:\/\/urs-brodmann.com\/en\/wp-json\/wp\/v2\/types\/page"}],"author":[{"embeddable":true,"href":"https:\/\/urs-brodmann.com\/en\/wp-json\/wp\/v2\/users\/1"}],"replies":[{"embeddable":true,"href":"https:\/\/urs-brodmann.com\/en\/wp-json\/wp\/v2\/comments?post=1986"}],"version-history":[{"count":449,"href":"https:\/\/urs-brodmann.com\/en\/wp-json\/wp\/v2\/pages\/1986\/revisions"}],"predecessor-version":[{"id":5093,"href":"https:\/\/urs-brodmann.com\/en\/wp-json\/wp\/v2\/pages\/1986\/revisions\/5093"}],"wp:attachment":[{"href":"https:\/\/urs-brodmann.com\/en\/wp-json\/wp\/v2\/media?parent=1986"}],"curies":[{"name":"wp","href":"https:\/\/api.w.org\/{rel}","templated":true}]}}