{"id":2752,"date":"2020-05-08T14:55:49","date_gmt":"2020-05-08T14:55:49","guid":{"rendered":"https:\/\/urs-brodmann.com\/?page_id=2752"},"modified":"2026-03-12T15:09:25","modified_gmt":"2026-03-12T14:09:25","slug":"meine-quellen-des-lebens","status":"publish","type":"page","link":"https:\/\/urs-brodmann.com\/en\/meine-quellen-des-lebens\/","title":{"rendered":"My sources of life"},"content":{"rendered":"<div id=\"pg-2752-0\"  class=\"panel-grid\" ><div class=\"panel-grid-core\"><div id=\"pgc-2752-0-0\"  class=\"panel-grid-cell\" ><\/div><div id=\"pgc-2752-0-1\"  class=\"panel-grid-cell\" ><div class=\"panel-widget-style\" style=\"background: url(&quot;false&quot;) !important; background-position: left top !important; background-repeat: repeat !important; background-size: auto !important; background-attachment: scroll !important;\" ><div class=\"textwidget\"><p><!--[if lt IE 9]><script>document.createElement('audio');<\/script><![endif]-->\n<audio class=\"wp-audio-shortcode\" id=\"audio-2752-1\" loop autoplay preload=\"none\" style=\"width: 100%;\" controls=\"controls\"><source type=\"audio\/mpeg\" src=\"https:\/\/urs-brodmann.com\/wp-content\/uploads\/2020\/05\/1.-Sinfonie-1.-Satz-Homepage.mp3?_=1\" \/><a href=\"https:\/\/urs-brodmann.com\/wp-content\/uploads\/2020\/05\/1.-Sinfonie-1.-Satz-Homepage.mp3\">https:\/\/urs-brodmann.com\/wp-content\/uploads\/2020\/05\/1.-Sinfonie-1.-Satz-Homepage.mp3<\/a><\/audio><\/p>\n<p>Sie h\u00f6ren einen Ausschnitt aus dem 1. Satz der 1. Sinfonie.<\/p>\n<p>&nbsp;<\/p>\n<\/div><\/div><\/div><div id=\"pgc-2752-0-2\"  class=\"panel-grid-cell\" ><\/div><\/div><\/div><div id=\"pg-2752-1\"  class=\"panel-grid\" ><div class=\"panel-grid-core\"><div id=\"pgc-2752-1-0\"  class=\"panel-grid-cell\" ><\/div><div id=\"pgc-2752-1-1\"  class=\"panel-grid-cell\" ><div class=\"panel-widget-style\" style=\"background: url(&quot;false&quot;) !important; background-position: left top !important; background-repeat: repeat !important; background-size: auto !important; background-attachment: scroll !important;\" >\t\t\t<div class=\"textwidget\"><p>&nbsp;<\/p>\n<p><span style=\"color: #0000ff;\">Zuerst kommt die Muse, die Inspirationsquelle aller sch\u00f6nen Dinge.<\/span><\/p>\n<p>&nbsp;<\/p>\n<\/div>\n\t\t<\/div><div class=\"panel-widget-style\" style=\"background: url(&quot;false&quot;) !important; background-position: left top !important; background-repeat: repeat !important; background-size: auto !important; background-attachment: scroll !important; padding-top: 9px !important; padding-bottom: 9px !important; margin-top: 9px !important; margin-bottom: 9px !important;\" ><p style=\"\"><img decoding=\"async\" src=\"https:\/\/urs-brodmann.com\/wp-content\/uploads\/2020\/04\/Bach-Konzert-in-St.-Florian-21.07-4.jpg\" alt=\"\" style=\"\" \/><\/p><\/div><div class=\"panel-widget-style\" style=\"background: url(&quot;false&quot;) !important; background-position: left top !important; background-repeat: repeat !important; background-size: auto !important; background-attachment: scroll !important;\" >\t\t\t<div class=\"textwidget\"><p><span style=\"color: #0000ff;\">Und wenn dann schon alles\u00a0stimmt, so begr\u00fc\u00dfe ich als\u00a0einen der n\u00e4chsten Schritte\u00a0den ewigen Wein, das\u00a0Quellwasser der\u00a0Freundschaft und\u00a0Geselligkeit.<\/span><\/p>\n<p>&nbsp;<\/p>\n<\/div>\n\t\t<\/div><div class=\"panel-widget-style\" style=\"background: url(&quot;false&quot;) !important; background-position: left top !important; background-repeat: repeat !important; background-size: auto !important; background-attachment: scroll !important;\" ><p style=\"\"><img decoding=\"async\" src=\"https:\/\/urs-brodmann.com\/wp-content\/uploads\/2020\/04\/Fahrt-durch-die-Wachau-mit-Halt-in-Wei\u00dfenkirchen-10-scaled.jpg\" alt=\"\" style=\"\" \/><\/p><\/div><div class=\"panel-widget-style\" >\t\t\t<div class=\"textwidget\"><p>&nbsp;<\/p>\n<p><span style=\"color: #0000ff;\">An gewissen Tagen sucht man eine Quelle der Abk\u00fchlung. Die liebe Sonne n\u00f6tigt uns immer \u00f6fters dazu und so kommt ein Eis gerade zur rechten Zeit zu Hilfe. Dem Himmel sei gedankt.<\/span><\/p>\n<p>&nbsp;<\/p>\n<\/div>\n\t\t<\/div><div class=\"panel-widget-style\" style=\"background: url(&quot;false&quot;) !important; background-position: left top !important; background-repeat: repeat !important; background-size: auto !important; background-attachment: scroll !important;\" ><p style=\"\"><img decoding=\"async\" src=\"https:\/\/urs-brodmann.com\/wp-content\/uploads\/2020\/05\/P1080700-Passau-34.jpg\" alt=\"\" style=\"\" \/><\/p><\/div><div class=\"panel-widget-style\" style=\"background: url(&quot;false&quot;) !important; background-position: left top !important; background-repeat: repeat !important; background-size: auto !important; background-attachment: scroll !important;\" >\t\t\t<div class=\"textwidget\"><p>&nbsp;<\/p>\n<p><span style=\"color: #0000ff;\">Nun ist es an der Zeit, um mich an die Quelle des Rauchvergn\u00fcgens zu begeben. Eine gute Havanna-Zigarre mit Musik, Wein und Kerzenlicht macht das Leben zu einem besonderen Vergn\u00fcgen.<\/span><\/p>\n<p>&nbsp;<\/p>\n<\/div>\n\t\t<\/div><div class=\"panel-widget-style\" style=\"background: url(&quot;false&quot;) !important; background-position: left top !important; background-repeat: repeat !important; background-size: auto !important; background-attachment: scroll !important;\" ><p style=\"\"><img decoding=\"async\" src=\"https:\/\/urs-brodmann.com\/wp-content\/uploads\/2026\/03\/IMG_0285-scaled.jpg\" alt=\"\" style=\"\" \/><\/p><\/div><div class=\"panel-widget-style\" >\t\t\t<div class=\"textwidget\"><p>&nbsp;<\/p>\n<p><span style=\"color: #0000ff;\">Und damit man sich all diese Freuden leisten kann, muss man ab und zu schwer arbeiten. Das nenne ich \u00dcberlebensquell-Aktivierung.<\/span><\/p>\n<p>&nbsp;<\/p>\n<\/div>\n\t\t<\/div><div class=\"panel-widget-style\" style=\"background: url(&quot;false&quot;) !important; background-position: left top !important; background-repeat: repeat !important; background-size: auto !important; background-attachment: scroll !important;\" ><p style=\"\"><img decoding=\"async\" src=\"https:\/\/urs-brodmann.com\/wp-content\/uploads\/2020\/03\/vlcsnap-2020-03-30-03h11m10s538.jpg\" alt=\"\" style=\"\" \/><\/p><\/div><div class=\"panel-widget-style\" style=\"background: url(&quot;false&quot;) !important; background-position: left top !important; background-repeat: repeat !important; background-size: auto !important; background-attachment: scroll !important;\" >\t\t\t<div class=\"textwidget\"><p>&nbsp;<\/p>\n<p><span style=\"color: #0000ff;\">Als weitere Belohnung dieser gro\u00dfen Anstrengung gibt es dann nichts Dankbareres als ein Publikum, das die Konzertauff\u00fchrungen regelm\u00e4\u00dfig besucht und sch\u00e4tzt. Begeisternder Applaus und immer wiederkehrende Konzertbesucher sind die beweiskr\u00e4ftigsten Anerkennungsquellen eines jeden Musikers.<\/span><\/p>\n<p>&nbsp;<\/p>\n<\/div>\n\t\t<\/div><\/div><div id=\"pgc-2752-1-2\"  class=\"panel-grid-cell\" ><\/div><\/div><\/div><p>Views: 74<\/p>","protected":false},"excerpt":{"rendered":"<p>&nbsp; Zuerst kommt die Muse, die Inspirationsquelle aller sch\u00f6nen Dinge. &nbsp; Und wenn dann schon alles\u00a0stimmt, so begr\u00fc\u00dfe ich als\u00a0einen&hellip;<\/p>","protected":false},"author":1,"featured_media":0,"parent":0,"menu_order":2,"comment_status":"closed","ping_status":"closed","template":"","meta":{"footnotes":"","_links_to":"","_links_to_target":""},"class_list":["post-2752","page","type-page","status-publish","hentry"],"_links":{"self":[{"href":"https:\/\/urs-brodmann.com\/en\/wp-json\/wp\/v2\/pages\/2752","targetHints":{"allow":["GET"]}}],"collection":[{"href":"https:\/\/urs-brodmann.com\/en\/wp-json\/wp\/v2\/pages"}],"about":[{"href":"https:\/\/urs-brodmann.com\/en\/wp-json\/wp\/v2\/types\/page"}],"author":[{"embeddable":true,"href":"https:\/\/urs-brodmann.com\/en\/wp-json\/wp\/v2\/users\/1"}],"replies":[{"embeddable":true,"href":"https:\/\/urs-brodmann.com\/en\/wp-json\/wp\/v2\/comments?post=2752"}],"version-history":[{"count":357,"href":"https:\/\/urs-brodmann.com\/en\/wp-json\/wp\/v2\/pages\/2752\/revisions"}],"predecessor-version":[{"id":5098,"href":"https:\/\/urs-brodmann.com\/en\/wp-json\/wp\/v2\/pages\/2752\/revisions\/5098"}],"wp:attachment":[{"href":"https:\/\/urs-brodmann.com\/en\/wp-json\/wp\/v2\/media?parent=2752"}],"curies":[{"name":"wp","href":"https:\/\/api.w.org\/{rel}","templated":true}]}}