{"id":3973,"date":"2020-11-24T02:07:40","date_gmt":"2020-11-24T02:07:40","guid":{"rendered":"https:\/\/urs-brodmann.com\/?page_id=3973"},"modified":"2026-03-09T02:48:30","modified_gmt":"2026-03-09T01:48:30","slug":"biografie-2-2","status":"publish","type":"page","link":"https:\/\/urs-brodmann.com\/en\/biografie-2-2\/","title":{"rendered":"Biographie"},"content":{"rendered":"<div id=\"pg-3973-0\"  class=\"panel-grid\" ><div class=\"panel-grid-core\"><div id=\"pgc-3973-0-0\"  class=\"panel-grid-cell\" ><\/div><div id=\"pgc-3973-0-1\"  class=\"panel-grid-cell\" ><div class=\"panel-widget-style\" style=\"background: url(&quot;false&quot;) !important; background-position: left top !important; background-repeat: repeat !important; background-size: auto !important; background-attachment: scroll !important;\" ><div class=\"textwidget\"><p><!--[if lt IE 9]><script>document.createElement('audio');<\/script><![endif]-->\n<audio class=\"wp-audio-shortcode\" id=\"audio-3973-1\" loop autoplay preload=\"none\" style=\"width: 100%;\" controls=\"controls\"><source type=\"audio\/mpeg\" src=\"http:\/\/urs-brodmann.com\/wp-content\/uploads\/2017\/04\/13-5.-Seite-oben-Trio.mp3?_=1\" \/><a href=\"http:\/\/urs-brodmann.com\/wp-content\/uploads\/2017\/04\/13-5.-Seite-oben-Trio.mp3\">http:\/\/urs-brodmann.com\/wp-content\/uploads\/2017\/04\/13-5.-Seite-oben-Trio.mp3<\/a><\/audio><\/p>\n<p>Sie h\u00f6ren den Schlussteil des 4. Satzes aus dem Trio f\u00fcr Klavier, Violine und Violoncello<br \/>\nEs spielt das Trio BELKIN<\/p>\n<p>&nbsp;<\/p>\n<\/div><\/div><\/div><div id=\"pgc-3973-0-2\"  class=\"panel-grid-cell\" ><\/div><\/div><\/div><div id=\"pg-3973-1\"  class=\"panel-grid\" ><div class=\"panel-grid-core\"><div id=\"pgc-3973-1-0\"  class=\"panel-grid-cell\" ><\/div><div id=\"pgc-3973-1-1\"  class=\"panel-grid-cell\" ><div class=\"panel-widget-style\" style=\"background: url(&quot;false&quot;) !important; background-position: left top !important; background-repeat: repeat !important; background-size: auto !important; background-attachment: scroll !important;\" ><p style=\"\"><img decoding=\"async\" src=\"https:\/\/urs-brodmann.com\/wp-content\/uploads\/2024\/12\/Raucherbild.jpg\" alt=\"\" style=\"\" \/><\/p><\/div><\/div><\/div><\/div><div id=\"pg-3973-2\"  class=\"panel-grid\" ><div class=\"panel-grid-core\"><div id=\"pgc-3973-2-0\"  class=\"panel-grid-cell\" ><\/div><div id=\"pgc-3973-2-1\"  class=\"panel-grid-cell\" ><div class=\"panel-widget-style\" style=\"background: url(&quot;false&quot;) !important; background-position: left top !important; background-repeat: repeat !important; background-size: auto !important; background-attachment: scroll !important;\" ><div class=\"textwidget\"><p>&nbsp;<\/p>\n<p><span style=\"color: #339966; font-size: 18pt;\"><em><strong>An was ich mich nicht mehr erinnere oder woran ich nicht mehr erinnert werden m\u00f6chte, steht hier unten bestimmt nicht geschrieben, ist auch nicht mehr wichtig. Manchmal aber l\u00e4sst es die Musik doch erahnen.<\/strong><\/em><\/span><\/p>\n<\/div><\/div><div class=\"panel-widget-style\" style=\"background: url(&quot;false&quot;) !important; background-position: left top !important; background-repeat: repeat !important; background-size: auto !important; background-attachment: scroll !important;\" ><div class=\"textwidget\"><p>Ich wurde 1948 in Basel geboren, studierte Musik mit Hauptfach Horn am Konservatorium in Basel, an der Musikhochschule in Freiburg\/Br. und an der Janacek-Akademie in Br\u00fcnn. Es folgten weitere Studien in Dirigieren bei Milan Horvath und Jiri Pinkas und in Komposition bei Heinrich Sutermeister.<\/p>\n<p>Von 1973 \u2013 78 war ich 3.\/1. Hornist im Orchestre de la Suisse Romande und anschlie\u00dfend im Radio Sinfonieorchester Basel.<\/p>\n<p>1980 war ich Dirigent an der Kammeroper Brno. Au\u00dferdem dirigierte ich die philharmonischen Orchester von M\u00e4hrisch-Ostrau (Ostrava), Olm\u00fctz (Olomouc), Bad Reichenhall und unternahm zwei Tourneen mit dem Kammerorchester der Janacek-Akademie nach Frankreich und Spanien.<\/p>\n<p>1990 wurde ich zum Directeur G\u00e9n\u00e9ral de l\u2019Orchestre d\u2019Harmonie de Nice ernannt, ein quasi professionelles Blasorchester, wo ich bis zu meiner Pensionierung im Jahre 2013 blieb.<\/p>\n<p>Am 27. Dezember 2018 und am 27. Dezember 2019 dirigierte ich im Kammermusiksaal der Berliner Philharmonie die \u201eGro\u00dfe Operngala mit Nadezhda Kolesnikova &amp; Freunde\u201c, eine Produktion der Konzertagentur Dr. Dauskardt. Anl\u00e4sslich des Konzertes 2019 wurde mein Lied \u201eDie Zigarre und der Genie\u00dfer\u201c aus dem Gesangszyklus \u201eReise in die Welt der Gen\u00fcsse\u201c uraufgef\u00fchrt.<\/p>\n<p>Heute lebe ich in Halle an der Saale und widme mich vorrangig meinen Kompositionen. Auch als Dirigent und Arrangeur bin ich weiterhin noch t\u00e4tig.<\/p>\n<p>Unter meinen Kompositionen befinden sich unter anderem sinfonische, konzertante, vokale und kammermusikalische Werke sowie die Oper \u201eRaucher-Tango\u201c, f\u00fcr die ich auch das Libretto schrieb.<\/p>\n<p>F\u00fcr die 700 Jahr-Feier der Eidgenossenschaft im Jahre 1991 schrieb ich im Auftrag der ETH Z\u00fcrich und im Rahmen der Heureka-Ausstellung das Preludio \u201eStein auf Stein\u201c f\u00fcr Tastenlithophon.<\/p>\n<p>Mein \u201eViolinkonzert\u201c (1995), das \u201eConcerto Grosso\u201c (1998) sowie die \u201eSerenade f\u00fcr 13 Bl\u00e4ser\u201c (2002) waren Auftragswerke f\u00fcr das Philharmonische Orchester Nizza. Die ersten beiden Kompositionen wurden in der Acropolis bzw. in der Oper von Nizza uraufgef\u00fchrt. Die Serenade f\u00fcr 13 Bl\u00e4ser spielte man im Rahmen der Sommerkonzerte 2002 des Philharmonischen Orchesters von Nizza an verschiedenen Orten der Region von \u201eAlpes Maritimes\u201c.<\/p>\n<p>1996 wurde das \u201eViolinkonzert\u201c und im Jahre 97 mein \u201e50. Psalm\u201c f\u00fcr Bass und Orchester f\u00fcr den \u201eKompositionspreis von Monaco\u201c nominiert.<\/p>\n<p>Meine Hobbys sind Klavierimprovisation, Literatur, Philosophie, Z\u00e9ro-Sport und unterhaltsames Kino mit Niveau.<\/p>\n<p>Zum Entspannen genie\u00dfe ich gerne eine Zigarre mit Musik und Rotwein.<\/p>\n<\/div><\/div><\/div><div id=\"pgc-3973-2-2\"  class=\"panel-grid-cell\" ><\/div><\/div><\/div><p>Views: 124<\/p>","protected":false},"excerpt":{"rendered":"<p>http:\/\/urs-brodmann.com\/wp-content\/uploads\/2017\/04\/13-5.-Seite-oben-Trio.mp3 Sie h\u00f6ren den Schlussteil des 4. Satzes aus dem Trio f\u00fcr Klavier, Violine und Violoncello Es spielt das Trio&hellip;<\/p>","protected":false},"author":1,"featured_media":0,"parent":0,"menu_order":3,"comment_status":"closed","ping_status":"closed","template":"","meta":{"footnotes":"","_links_to":"","_links_to_target":""},"class_list":["post-3973","page","type-page","status-publish","hentry"],"_links":{"self":[{"href":"https:\/\/urs-brodmann.com\/en\/wp-json\/wp\/v2\/pages\/3973","targetHints":{"allow":["GET"]}}],"collection":[{"href":"https:\/\/urs-brodmann.com\/en\/wp-json\/wp\/v2\/pages"}],"about":[{"href":"https:\/\/urs-brodmann.com\/en\/wp-json\/wp\/v2\/types\/page"}],"author":[{"embeddable":true,"href":"https:\/\/urs-brodmann.com\/en\/wp-json\/wp\/v2\/users\/1"}],"replies":[{"embeddable":true,"href":"https:\/\/urs-brodmann.com\/en\/wp-json\/wp\/v2\/comments?post=3973"}],"version-history":[{"count":21,"href":"https:\/\/urs-brodmann.com\/en\/wp-json\/wp\/v2\/pages\/3973\/revisions"}],"predecessor-version":[{"id":5084,"href":"https:\/\/urs-brodmann.com\/en\/wp-json\/wp\/v2\/pages\/3973\/revisions\/5084"}],"wp:attachment":[{"href":"https:\/\/urs-brodmann.com\/en\/wp-json\/wp\/v2\/media?parent=3973"}],"curies":[{"name":"wp","href":"https:\/\/api.w.org\/{rel}","templated":true}]}}