{"id":4001,"date":"2020-12-05T15:00:27","date_gmt":"2020-12-05T14:00:27","guid":{"rendered":"https:\/\/urs-brodmann.com\/?page_id=4001"},"modified":"2021-02-07T00:29:55","modified_gmt":"2021-02-06T23:29:55","slug":"atmosphaere","status":"publish","type":"page","link":"https:\/\/urs-brodmann.com\/en\/atmosphaere\/","title":{"rendered":"Atmosphere"},"content":{"rendered":"<div id=\"pg-4001-0\"  class=\"panel-grid\" ><div class=\"panel-grid-core\"><div id=\"pgc-4001-0-0\"  class=\"panel-grid-cell\" ><\/div><div id=\"pgc-4001-0-1\"  class=\"panel-grid-cell  \" ><\/div><div id=\"pgc-4001-0-2\"  class=\"panel-grid-cell  \" ><div class=\"panel-widget-style\" style=\"background: url(&quot;false&quot;) !important; background-position: left top !important; background-repeat: repeat !important; background-size: auto !important; background-attachment: scroll !important;\" ><div class=\"textwidget\"><p><img loading=\"lazy\" decoding=\"async\" class=\"alignnone size-medium wp-image-4097\" src=\"https:\/\/urs-brodmann.com\/wp-content\/uploads\/2021\/02\/6-5-300x233.jpg\" alt=\"\" width=\"300\" height=\"233\" srcset=\"https:\/\/urs-brodmann.com\/wp-content\/uploads\/2021\/02\/6-5-300x233.jpg 300w, https:\/\/urs-brodmann.com\/wp-content\/uploads\/2021\/02\/6-5-768x596.jpg 768w, https:\/\/urs-brodmann.com\/wp-content\/uploads\/2021\/02\/6-5-16x12.jpg 16w, https:\/\/urs-brodmann.com\/wp-content\/uploads\/2021\/02\/6-5.jpg 805w\" sizes=\"auto, (max-width: 300px) 100vw, 300px\" \/>Ende des 3. Satzes aus meinem Konzert f\u00fcr Violine und Orchester (1995)<\/p>\n<p><!--[if lt IE 9]><script>document.createElement('audio');<\/script><![endif]-->\n<audio class=\"wp-audio-shortcode\" id=\"audio-4001-1\" loop autoplay preload=\"auto\" style=\"width: 100%;\" controls=\"controls\"><source type=\"audio\/mpeg\" src=\"https:\/\/urs-brodmann.com\/wp-content\/uploads\/2021\/02\/Vl.-K.-3.-Satz-Schlussteil.mp3?_=1\" \/><a href=\"https:\/\/urs-brodmann.com\/wp-content\/uploads\/2021\/02\/Vl.-K.-3.-Satz-Schlussteil.mp3\">https:\/\/urs-brodmann.com\/wp-content\/uploads\/2021\/02\/Vl.-K.-3.-Satz-Schlussteil.mp3<\/a><\/audio><\/p>\n<\/div><\/div><\/div><\/div><\/div><div id=\"pg-4001-1\"  class=\"panel-grid\" ><div class=\"panel-grid-core\"><div id=\"pgc-4001-1-0\"  class=\"panel-grid-cell\" ><div class=\"panel-widget-style\" style=\"background: url(&quot;false&quot;) !important; background-position: left top !important; background-repeat: repeat !important; background-size: auto !important; background-attachment: scroll !important;\" ><p style=\"\"><img decoding=\"async\" src=\"https:\/\/urs-brodmann.com\/wp-content\/uploads\/2020\/05\/4-3-scaled.jpg\" alt=\"\" style=\"\" \/><\/p><\/div><\/div><\/div><\/div><div id=\"pg-4001-2\"  class=\"panel-grid\" ><div class=\"panel-grid-core\"><div id=\"pgc-4001-2-0\"  class=\"panel-grid-cell\" ><div class=\"panel-widget-style\" style=\"text-align: center !important;\" ><h2 style=\"font-style: normal;\">H\u00f6rbeispiele aus \"Tagesthemen\" (2005)<\/h2><\/div><div class=\"panel-widget-style\" style=\"text-align: center !important;\" ><p>Sechs Lieder frei zusammengestellt nach Gedichten von Hermann Hesse.<br \/>\nKathrin G\u00f6ring \u2013 Mezzosopran <a href=\"http:\/\/www.kathrin-goering.de\/\" target=\"_blank\" style=\"padding-left: 5em; color: #488;\">www.kathrin-goering.de<\/a><br \/>\nOrchestre des Syrinx Concerts<br \/>\nUrs Brodmann - Direktion<\/p>\n<\/div><\/div><\/div><\/div><div id=\"pg-4001-3\"  class=\"panel-grid\" ><div class=\"panel-grid-core\"><div id=\"pgc-4001-3-0\"  class=\"panel-grid-cell\" ><\/div><div id=\"pgc-4001-3-1\"  class=\"panel-grid-cell  \" ><div class=\"panel-widget-style\" ><div class=\"textwidget\"><p><audio class=\"wp-audio-shortcode\" id=\"audio-4001-2\" preload=\"none\" style=\"width: 100%;\" controls=\"controls\"><source type=\"audio\/mpeg\" src=\"http:\/\/urs-brodmann.com\/wp-content\/uploads\/2017\/04\/02-Piste-1-Tagesthemen.mp3?_=2\" \/><a href=\"http:\/\/urs-brodmann.com\/wp-content\/uploads\/2017\/04\/02-Piste-1-Tagesthemen.mp3\">http:\/\/urs-brodmann.com\/wp-content\/uploads\/2017\/04\/02-Piste-1-Tagesthemen.mp3<\/a><\/audio><\/p>\n<\/div><\/div><\/div><div id=\"pgc-4001-3-2\"  class=\"panel-grid-cell  \" ><\/div><\/div><\/div><div id=\"pg-4001-4\"  class=\"panel-grid\" ><div class=\"panel-grid-core\"><div id=\"pgc-4001-4-0\"  class=\"panel-grid-cell\" ><\/div><div id=\"pgc-4001-4-1\"  class=\"panel-grid-cell  \" ><div class=\"panel-widget-style\" style=\"background: url(&quot;false&quot;) !important; background-position: left top !important; background-repeat: repeat !important; background-size: auto !important; background-attachment: scroll !important;\" ><h3 style=\"font-style: normal;\">Die fr\u00fche Stunde<\/h3><\/div><div class=\"panel-widget-style\" ><p> \u201eSilbern \u00fcberflogen ruhet das Feld und schweigt,<br \/>\n                              ein J\u00e4ger hebt seinen Bogen, der Wald rauscht und eine Lerche steigt<br \/>\n                              der Wald rauscht und eine zweite steigt auf, und f\u00e4llt\u2026\u201c<\/p>\n<\/div><\/div><div id=\"pgc-4001-4-2\"  class=\"panel-grid-cell  \" ><\/div><\/div><\/div><div id=\"pg-4001-5\"  class=\"panel-grid\" ><div class=\"panel-grid-core\"><div id=\"pgc-4001-5-0\"  class=\"panel-grid-cell\" ><\/div><div id=\"pgc-4001-5-1\"  class=\"panel-grid-cell  \" ><div class=\"panel-widget-style\" ><div class=\"textwidget\"><p><audio class=\"wp-audio-shortcode\" id=\"audio-4001-3\" preload=\"none\" style=\"width: 100%;\" controls=\"controls\"><source type=\"audio\/mpeg\" src=\"http:\/\/urs-brodmann.com\/wp-content\/uploads\/2017\/04\/03-Piste-2-Tagesthemen.mp3?_=3\" \/><a href=\"http:\/\/urs-brodmann.com\/wp-content\/uploads\/2017\/04\/03-Piste-2-Tagesthemen.mp3\">http:\/\/urs-brodmann.com\/wp-content\/uploads\/2017\/04\/03-Piste-2-Tagesthemen.mp3<\/a><\/audio><\/p>\n<\/div><\/div><\/div><div id=\"pgc-4001-5-2\"  class=\"panel-grid-cell  \" ><\/div><\/div><\/div><div id=\"pg-4001-6\"  class=\"panel-grid\" ><div class=\"panel-grid-core\"><div id=\"pgc-4001-6-0\"  class=\"panel-grid-cell\" ><\/div><div id=\"pgc-4001-6-1\"  class=\"panel-grid-cell  \" ><div class=\"panel-widget-style\" style=\"background: url(&quot;false&quot;) !important; background-position: left top !important; background-repeat: repeat !important; background-size: auto !important; background-attachment: scroll !important;\" ><h3 style=\"font-style: normal;\">Morgen<\/h3><\/div><div class=\"panel-widget-style\" ><p>\u201e\u2026 Was Menschen reden, t\u00f6nt mir nun wie aus versunkenen St\u00e4dten her;<br \/>\n                              was sie da unten sind und tun, ist meine Welt nicht mehr. Ah\u2026\u201c<\/p>\n<\/div><\/div><div id=\"pgc-4001-6-2\"  class=\"panel-grid-cell  \" ><\/div><\/div><\/div><div id=\"pg-4001-7\"  class=\"panel-grid\" ><div class=\"panel-grid-core\"><div id=\"pgc-4001-7-0\"  class=\"panel-grid-cell\" ><\/div><div id=\"pgc-4001-7-1\"  class=\"panel-grid-cell  \" ><div class=\"panel-widget-style\" ><div class=\"textwidget\"><p><audio class=\"wp-audio-shortcode\" id=\"audio-4001-4\" preload=\"none\" style=\"width: 100%;\" controls=\"controls\"><source type=\"audio\/mpeg\" src=\"http:\/\/urs-brodmann.com\/wp-content\/uploads\/2017\/04\/04-Piste-3-Tagesthemen.mp3?_=4\" \/><a href=\"http:\/\/urs-brodmann.com\/wp-content\/uploads\/2017\/04\/04-Piste-3-Tagesthemen.mp3\">http:\/\/urs-brodmann.com\/wp-content\/uploads\/2017\/04\/04-Piste-3-Tagesthemen.mp3<\/a><\/audio><\/p>\n<\/div><\/div><\/div><div id=\"pgc-4001-7-2\"  class=\"panel-grid-cell  \" ><\/div><\/div><\/div><div id=\"pg-4001-8\"  class=\"panel-grid\" ><div class=\"panel-grid-core\"><div id=\"pgc-4001-8-0\"  class=\"panel-grid-cell\" ><\/div><div id=\"pgc-4001-8-1\"  class=\"panel-grid-cell  \" ><div class=\"panel-widget-style\" style=\"background: url(&quot;false&quot;) !important; background-position: left top !important; background-repeat: repeat !important; background-size: auto !important; background-attachment: scroll !important;\" ><h3 style=\"font-style: normal;\">Hei\u00dfer Mittag<\/h3><\/div><div class=\"panel-widget-style\" ><p>\u201eEs knistert \u00fcberall und raschelt spr\u00f6de auch schon im Wald erstarren Farn und Moos,<br \/>\n                             hart blickt im d\u00fcnnen Dunst der Himmels\u00f6de die Julisonne wei\u00df und strahlenlos.\u201c<\/p>\n<p>                             \u201eEs spielt das Ohr im Traum sich die ersehnten, gnadenreichen Tonfluten<br \/>\n                             kommender Gewitter vor.\u201c<\/p>\n<\/div><\/div><div id=\"pgc-4001-8-2\"  class=\"panel-grid-cell  \" ><\/div><\/div><\/div><div id=\"pg-4001-9\"  class=\"panel-grid\" ><div class=\"panel-grid-core\"><div id=\"pgc-4001-9-0\"  class=\"panel-grid-cell\" ><\/div><div id=\"pgc-4001-9-1\"  class=\"panel-grid-cell  \" ><div class=\"panel-widget-style\" ><div class=\"textwidget\"><p><audio class=\"wp-audio-shortcode\" id=\"audio-4001-5\" preload=\"none\" style=\"width: 100%;\" controls=\"controls\"><source type=\"audio\/mpeg\" src=\"http:\/\/urs-brodmann.com\/wp-content\/uploads\/2017\/04\/05-Piste-4-Tagesthemen.mp3?_=5\" \/><a href=\"http:\/\/urs-brodmann.com\/wp-content\/uploads\/2017\/04\/05-Piste-4-Tagesthemen.mp3\">http:\/\/urs-brodmann.com\/wp-content\/uploads\/2017\/04\/05-Piste-4-Tagesthemen.mp3<\/a><\/audio><\/p>\n<\/div><\/div><\/div><div id=\"pgc-4001-9-2\"  class=\"panel-grid-cell  \" ><\/div><\/div><\/div><div id=\"pg-4001-10\"  class=\"panel-grid\" ><div class=\"panel-grid-core\"><div id=\"pgc-4001-10-0\"  class=\"panel-grid-cell\" ><\/div><div id=\"pgc-4001-10-1\"  class=\"panel-grid-cell  \" ><div class=\"panel-widget-style\" ><h3 style=\"font-style: normal;\">Dorfabend<\/h3><\/div><div class=\"panel-widget-style\" ><p>\u201eVor den blanken Fenstern gl\u00fchen Blumen farbig in den T\u00f6pfen,<br \/>\n                              hinterm Fenster d\u00e4mmrig bl\u00fchen M\u00e4dchen mit gewundenen Z\u00f6pfen.\u201c<\/p>\n<\/div><\/div><div id=\"pgc-4001-10-2\"  class=\"panel-grid-cell  \" ><\/div><\/div><\/div><div id=\"pg-4001-11\"  class=\"panel-grid\" ><div class=\"panel-grid-core\"><div id=\"pgc-4001-11-0\"  class=\"panel-grid-cell\" ><\/div><div id=\"pgc-4001-11-1\"  class=\"panel-grid-cell  \" ><div class=\"panel-widget-style\" ><div class=\"textwidget\"><p><audio class=\"wp-audio-shortcode\" id=\"audio-4001-6\" preload=\"none\" style=\"width: 100%;\" controls=\"controls\"><source type=\"audio\/mpeg\" src=\"http:\/\/urs-brodmann.com\/wp-content\/uploads\/2017\/04\/06-Piste-5-Tagesthemen.mp3?_=6\" \/><a href=\"http:\/\/urs-brodmann.com\/wp-content\/uploads\/2017\/04\/06-Piste-5-Tagesthemen.mp3\">http:\/\/urs-brodmann.com\/wp-content\/uploads\/2017\/04\/06-Piste-5-Tagesthemen.mp3<\/a><\/audio><\/p>\n<\/div><\/div><\/div><div id=\"pgc-4001-11-2\"  class=\"panel-grid-cell  \" ><\/div><\/div><\/div><div id=\"pg-4001-12\"  class=\"panel-grid\" ><div class=\"panel-grid-core\"><div id=\"pgc-4001-12-0\"  class=\"panel-grid-cell\" ><\/div><div id=\"pgc-4001-12-1\"  class=\"panel-grid-cell  \" ><div class=\"panel-widget-style\" ><h3 style=\"font-style: normal;\">Nacht<\/h3><\/div><div class=\"panel-widget-style\" ><p>\u201eIch habe meine Kerze ausgel\u00f6scht, zum offenen Fenster str\u00f6mt die Nacht herein,<br \/>\n                             umarmt mich sanft und l\u00e4sst mich ihren Freund und ihren Bruder sein.\u201c<\/p>\n<\/div><\/div><div id=\"pgc-4001-12-2\"  class=\"panel-grid-cell  \" ><\/div><\/div><\/div><div id=\"pg-4001-13\"  class=\"panel-grid\" ><div class=\"panel-grid-core\"><div id=\"pgc-4001-13-0\"  class=\"panel-grid-cell\" ><\/div><div id=\"pgc-4001-13-1\"  class=\"panel-grid-cell  \" ><div class=\"panel-widget-style\" ><div class=\"textwidget\"><p><audio class=\"wp-audio-shortcode\" id=\"audio-4001-7\" preload=\"none\" style=\"width: 100%;\" controls=\"controls\"><source type=\"audio\/mpeg\" src=\"http:\/\/urs-brodmann.com\/wp-content\/uploads\/2017\/04\/07-Piste-6-Tagesthemen.mp3?_=7\" \/><a href=\"http:\/\/urs-brodmann.com\/wp-content\/uploads\/2017\/04\/07-Piste-6-Tagesthemen.mp3\">http:\/\/urs-brodmann.com\/wp-content\/uploads\/2017\/04\/07-Piste-6-Tagesthemen.mp3<\/a><\/audio><\/p>\n<\/div><\/div><\/div><div id=\"pgc-4001-13-2\"  class=\"panel-grid-cell  \" ><\/div><\/div><\/div><div id=\"pg-4001-14\"  class=\"panel-grid\" ><div class=\"panel-grid-core\"><div id=\"pgc-4001-14-0\"  class=\"panel-grid-cell\" ><\/div><div id=\"pgc-4001-14-1\"  class=\"panel-grid-cell  \" ><div class=\"panel-widget-style\" ><h3 style=\"font-style: normal;\">N\u00e4chtlicher Regen<\/h3><\/div><div class=\"panel-widget-style\" ><p>\u201eBis in den Schlaf vernahm ich ihn und bin daran erwacht,<br \/>\n                            nun h\u00f6r ich ihn und f\u00fchle ihn, sein Rauschen f\u00fcllt die Nacht<br \/>\n                            mit tausend Stimmen feucht und k\u00fchl, Gefl\u00fcster Lachen, St\u00f6hnen,<br \/>\n                            bezaubert lausch ich dem Gew\u00fchl von flie\u00dfend weichen T\u00f6nen.\u201c<\/p>\n<p>                            \u201eNach all dem harten d\u00fcrren Klang der strengen Sonnentage,<br \/>\n                            wie innig ruft, wie selig bang des Regens sanfte Klage!\u201c<\/p>\n<\/div><\/div><div id=\"pgc-4001-14-2\"  class=\"panel-grid-cell  \" ><\/div><\/div><\/div><div id=\"pg-4001-15\"  class=\"panel-grid\" ><div class=\"panel-grid-core\"><div id=\"pgc-4001-15-0\"  class=\"panel-grid-cell\" ><\/div><\/div><\/div><div id=\"pg-4001-16\"  class=\"panel-grid\" ><div class=\"panel-grid-core\"><div id=\"pgc-4001-16-0\"  class=\"panel-grid-cell\" ><\/div><div id=\"pgc-4001-16-1\"  class=\"panel-grid-cell  \" ><\/div><div id=\"pgc-4001-16-2\"  class=\"panel-grid-cell  \" ><\/div><\/div><\/div><p>Views: 49<\/p>","protected":false},"excerpt":{"rendered":"<p>Ende des 3. Satzes aus meinem Konzert f\u00fcr Violine und Orchester (1995) https:\/\/urs-brodmann.com\/wp-content\/uploads\/2021\/02\/Vl.-K.-3.-Satz-Schlussteil.mp3 H\u00f6rbeispiele aus &#8220;Tagesthemen&#8221; (2005)Sechs Lieder frei zusammengestellt&hellip;<\/p>","protected":false},"author":1,"featured_media":0,"parent":0,"menu_order":1,"comment_status":"closed","ping_status":"closed","template":"","meta":{"footnotes":"","_links_to":"","_links_to_target":""},"class_list":["post-4001","page","type-page","status-publish","hentry"],"_links":{"self":[{"href":"https:\/\/urs-brodmann.com\/en\/wp-json\/wp\/v2\/pages\/4001","targetHints":{"allow":["GET"]}}],"collection":[{"href":"https:\/\/urs-brodmann.com\/en\/wp-json\/wp\/v2\/pages"}],"about":[{"href":"https:\/\/urs-brodmann.com\/en\/wp-json\/wp\/v2\/types\/page"}],"author":[{"embeddable":true,"href":"https:\/\/urs-brodmann.com\/en\/wp-json\/wp\/v2\/users\/1"}],"replies":[{"embeddable":true,"href":"https:\/\/urs-brodmann.com\/en\/wp-json\/wp\/v2\/comments?post=4001"}],"version-history":[{"count":51,"href":"https:\/\/urs-brodmann.com\/en\/wp-json\/wp\/v2\/pages\/4001\/revisions"}],"predecessor-version":[{"id":4107,"href":"https:\/\/urs-brodmann.com\/en\/wp-json\/wp\/v2\/pages\/4001\/revisions\/4107"}],"wp:attachment":[{"href":"https:\/\/urs-brodmann.com\/en\/wp-json\/wp\/v2\/media?parent=4001"}],"curies":[{"name":"wp","href":"https:\/\/api.w.org\/{rel}","templated":true}]}}