{"id":482,"date":"2017-06-29T19:47:43","date_gmt":"2017-06-29T19:47:43","guid":{"rendered":"http:\/\/urs-brodmann.com\/?page_id=482"},"modified":"2025-11-21T02:40:08","modified_gmt":"2025-11-21T01:40:08","slug":"noten-geld-und-musik","status":"publish","type":"page","link":"https:\/\/urs-brodmann.com\/en\/noten-geld-und-musik\/","title":{"rendered":"Scores, money &amp; music"},"content":{"rendered":"<div id=\"pg-482-0\"  class=\"panel-grid\" ><div class=\"panel-grid-core\"><div id=\"pgc-482-0-0\"  class=\"panel-grid-cell\" ><\/div><div id=\"pgc-482-0-1\"  class=\"panel-grid-cell  \" ><div class=\"panel-widget-style\" style=\"background: url(&quot;false&quot;) !important; background-position: left top !important; background-repeat: repeat !important; background-size: auto !important; background-attachment: scroll !important;\" ><div class=\"textwidget\"><p><!--[if lt IE 9]><script>document.createElement('audio');<\/script><![endif]-->\n<audio class=\"wp-audio-shortcode\" id=\"audio-482-1\" loop autoplay preload=\"none\" style=\"width: 100%;\" controls=\"controls\"><source type=\"audio\/mpeg\" src=\"https:\/\/urs-brodmann.com\/wp-content\/uploads\/2021\/02\/II.-3.-Satz-Homepage-Schlussteil.mp3?_=1\" \/><a href=\"https:\/\/urs-brodmann.com\/wp-content\/uploads\/2021\/02\/II.-3.-Satz-Homepage-Schlussteil.mp3\">https:\/\/urs-brodmann.com\/wp-content\/uploads\/2021\/02\/II.-3.-Satz-Homepage-Schlussteil.mp3<\/a><\/audio><\/p>\n<p>Das Ende des 3. Satzes meiner 2. Sinfonie<\/p>\n<p><img loading=\"lazy\" decoding=\"async\" class=\"alignnone size-medium wp-image-709\" src=\"https:\/\/urs-brodmann.com\/wp-content\/uploads\/2018\/05\/Stra\u00dfenbahn-Triebwagen-um-1910-300x249.jpg\" alt=\"\" width=\"300\" height=\"249\" srcset=\"https:\/\/urs-brodmann.com\/wp-content\/uploads\/2018\/05\/Stra\u00dfenbahn-Triebwagen-um-1910-300x249.jpg 300w, https:\/\/urs-brodmann.com\/wp-content\/uploads\/2018\/05\/Stra\u00dfenbahn-Triebwagen-um-1910.jpg 579w\" sizes=\"auto, (max-width: 300px) 100vw, 300px\" \/><\/p>\n<p><strong>Die Stra\u00dfenbahn um 1920<\/strong><\/p>\n<\/div><\/div><\/div><\/div><\/div><div id=\"pg-482-1\"  class=\"panel-grid\" ><div class=\"panel-grid-core\"><div id=\"pgc-482-1-0\"  class=\"panel-grid-cell\" ><div class=\"panel-widget-style\" style=\"background: url(&quot;false&quot;) !important; background-position: left top !important; background-repeat: repeat !important; background-size: auto !important; background-attachment: scroll !important;\" >\t\t\t<div class=\"textwidget\"><p style=\"text-align: justify;\"><span style=\"color: #993300; font-size: 24pt;\"><em><strong><span lang=\"DE\">&#8230;was man nicht wei\u00df!<\/span><\/strong><\/em><\/span><\/p>\n<p>Wie Sie aus meinem Werkverzeichnis ersehen k\u00f6nnen, habe ich Kompositionen f\u00fcr verschiedene musikalische Formationen geschrieben. Aufgrund meiner langj\u00e4hrigen Dirigiert\u00e4tigkeit mit dem st\u00e4dtischen quasi professionellen Blasorchester von Nizza, das den endlosen Namen \u201eOrchestre d\u2019Harmonie de la Ville de Nice\u201c tr\u00e4gt, entstanden auch Kompositionen f\u00fcr sinfonisches Blasorchester, wie auch sehr viele Arrangements f\u00fcr diese wie auch f\u00fcr kleinere Bl\u00e4serformationen, die ich f\u00fcr die w\u00f6chentlichen Auftritte in Nizza und zur Bereicherung des Repertoires wie auch zur Motivation der Solisten des Orchesters ben\u00f6tigte.<\/p>\n<p>Die alten Damen im Publikum waren von diesen Konzerten immer sehr begeistert und sie geh\u00f6rten bis zu ihrem fast vorletzten Atemzug zur Klientel bzw. zum Fanclub des Orchesters. Es waren meistens nicht sehr bemittelte Menschen, die umso dankbarer f\u00fcr das Geschenk waren, das ihnen die Stadt Nizza jeden Sonntag gratis offerierte. Damit sie immer ihren Lieblingsplatz kampffrei einnehmen konnten, waren sie schon bis zu einer Stunde vor Konzertbeginn da. Hingegen interessierte sich die obere, pekuni\u00e4re Schicht der Stadt praktisch nicht f\u00fcr Blasmusik, das war nie ein Thema f\u00fcr sie. Nein, diese vom Gl\u00fcck Heimgesuchten gingen schon immer in die Oper und in die st\u00e4dtischen Sinfoniekonzerte, wo man alles auf Niveau im Original bringt und sich unter Gleichgesinnten befindet.<\/p>\n<p><strong>Am Strand von Nizza<\/strong><\/p>\n<\/div>\n\t\t<\/div><div class=\"panel-widget-style\" style=\"background: url(&quot;false&quot;) !important; background-position: left top !important; background-repeat: repeat !important; background-size: auto !important; background-attachment: scroll !important;\" ><p style=\"\"><img decoding=\"async\" src=\"https:\/\/urs-brodmann.com\/wp-content\/uploads\/2017\/04\/2010-4-678x1024.jpg\" alt=\"\" style=\"\" \/><\/p><\/div><\/div><\/div><\/div><div id=\"pg-482-2\"  class=\"panel-grid\" ><div class=\"panel-grid-core\"><div id=\"pgc-482-2-0\"  class=\"panel-grid-cell\" ><div class=\"panel-widget-style\" style=\"background: url(&quot;false&quot;) !important; background-position: left top !important; background-repeat: repeat !important; background-size: auto !important; background-attachment: scroll !important;\" >\t\t\t<div class=\"textwidget\"><p>Bez\u00fcglich Geld und Musik m\u00f6chte ich noch eine kleine Geschichte erz\u00e4hlen. Vor einigen Jahren wollten die St\u00e4dte Nizza und Cannes ihre beiden Sinfonieorchester aus finanziellen Gr\u00fcnden zu einem gro\u00dfen Orchester fusionieren.\u00a0Um diesen Anlass w\u00fcrdig und pomp\u00f6s zu feiern, engagierte die Stadt Nizza kurzfristig\u00a0einen international\u00a0bekannten Pianisten, um die f\u00fcnfzehn-min\u00fctige Rhapsody in Blue von G. Gershwin f\u00fcr eine Gage von 50.000 Euro mit dem\u00a0Orchestre Philharmonique de Nice\u00a0zu spielen. Das Problem war nur, dass\u00a0die Stadt Nizza f\u00fcr\u00a0die Bezahlung\u00a0des Starpianisten\u00a0kein Geld mehr in der Kasse hatte. Daher kam man auf die originelle Idee, meinem Blasorchester, das\u00a0von der Stadt\u00a0auch finanziert wird, diesen Betrag von dem schon ohnehin sehr beschr\u00e4nkten Jahresbudget wegzunehmen, was dann von der st\u00e4dtischen Kulturabteilung sofort gemacht wurde. Somit blieb mir als Direktor des Orchesters nichts anderes \u00fcbrig, als kurzfristig\u00a0acht Konzerte und\u00a0sechzehn Proben meines sechzig-Mann-Orchesters zu streichen,\u00a0nur um einen l\u00e4cherlichen Mini-Auftritt eines ber\u00fchmten Pianisten zu finanzieren. F\u00fcr diesen Anlass h\u00e4tte man ganz ruhig auch einen anderen ausgezeichneten, aber halt eben nicht so ber\u00fchmten Pianisten aus der Gegend f\u00fcr nur 2.000 Euro engagieren k\u00f6nnen und dann h\u00e4tte mein Publikum nicht auf ihre\u00a0acht Sonntagskonzerte verzichten m\u00fcssen und die Konzertbesucher\u00a0des Sinfonieorchesters w\u00e4ren trotzdem auf\u00a0ihre Kosten gekommen.<\/p>\n<p>Dieses Handeln der Stadtverwaltung war schlicht und einfach unprofessionell und gr\u00f6\u00dfenwahnsinnig und hat absolut nichts mehr mit Musik, Kultur, Beethoven\u00a0und Menschlichkeit zu tun!<\/p>\n<p>Die Ironie des Schicksals war nur, dass diese geplante Fusion wegen internen Querelen und Machtstreitigkeiten dann doch nicht stattgefunden hat\u00a0und den beiden St\u00e4dten\u00a0keine andere M\u00f6glichkeit\u00a0blieb, als ihre Orchester weiterhin im vollen Umfang zu finanzieren.<\/p>\n<p>Das nur \u00fcber das leidige Thema der Unverh\u00e4ltnism\u00e4\u00dfigkeit.<\/p>\n<p style=\"text-align: justify;\"><span lang=\"DE\" style=\"font-size: 14pt;\">Ihr <strong>Urs Brodmann<\/strong><\/span><\/p>\n<\/div>\n\t\t<\/div><\/div><\/div><\/div><div id=\"pg-482-3\"  class=\"panel-grid\" ><div class=\"panel-grid-core\"><div id=\"pgc-482-3-0\"  class=\"panel-grid-cell\" ><\/div><\/div><\/div><p>Views: 64<\/p>","protected":false},"excerpt":{"rendered":"<p>&#8230;was man nicht wei\u00df! Wie Sie aus meinem Werkverzeichnis ersehen k\u00f6nnen, habe ich Kompositionen f\u00fcr verschiedene musikalische Formationen geschrieben. Aufgrund&hellip;<\/p>","protected":false},"author":1,"featured_media":0,"parent":0,"menu_order":6,"comment_status":"closed","ping_status":"closed","template":"","meta":{"footnotes":"","_links_to":"","_links_to_target":""},"class_list":["post-482","page","type-page","status-publish","hentry"],"_links":{"self":[{"href":"https:\/\/urs-brodmann.com\/en\/wp-json\/wp\/v2\/pages\/482","targetHints":{"allow":["GET"]}}],"collection":[{"href":"https:\/\/urs-brodmann.com\/en\/wp-json\/wp\/v2\/pages"}],"about":[{"href":"https:\/\/urs-brodmann.com\/en\/wp-json\/wp\/v2\/types\/page"}],"author":[{"embeddable":true,"href":"https:\/\/urs-brodmann.com\/en\/wp-json\/wp\/v2\/users\/1"}],"replies":[{"embeddable":true,"href":"https:\/\/urs-brodmann.com\/en\/wp-json\/wp\/v2\/comments?post=482"}],"version-history":[{"count":124,"href":"https:\/\/urs-brodmann.com\/en\/wp-json\/wp\/v2\/pages\/482\/revisions"}],"predecessor-version":[{"id":4850,"href":"https:\/\/urs-brodmann.com\/en\/wp-json\/wp\/v2\/pages\/482\/revisions\/4850"}],"wp:attachment":[{"href":"https:\/\/urs-brodmann.com\/en\/wp-json\/wp\/v2\/media?parent=482"}],"curies":[{"name":"wp","href":"https:\/\/api.w.org\/{rel}","templated":true}]}}